{"id":19108,"date":"2026-02-11T11:39:45","date_gmt":"2026-02-11T10:39:45","guid":{"rendered":"https:\/\/www.viving.fr\/brest\/?page_id=19108"},"modified":"2026-02-11T11:46:52","modified_gmt":"2026-02-11T10:46:52","slug":"profil-jean-baptiste-philippe","status":"publish","type":"page","link":"https:\/\/www.viving.fr\/brest\/animations\/profil-jean-baptiste-philippe\/","title":{"rendered":"Profil Jean-Baptiste Philippe"},"content":{"rendered":"<section class=\"wpb-content-wrapper\">[vc_row el_class=\u00a0\u00bbdesktop_padding_extra_large\u00a0\u00bb][vc_column][vc_empty_space height=\u00a0\u00bb90px\u00a0\u00bb][vc_row_inner equal_height=\u00a0\u00bbyes\u00a0\u00bb][vc_column_inner width=\u00a0\u00bb1\/4&Prime; css=\u00a0\u00bb.vc_custom_1594220283942{border-right-width: 2px !important;border-right-color: #33455b !important;border-right-style: solid !important;}\u00a0\u00bb][vc_single_image image=\u00a0\u00bb19111&Prime; img_size=\u00a0\u00bb400&Prime; alignment=\u00a0\u00bbright\u00a0\u00bb][vc_empty_space height=\u00a0\u00bb10px\u00a0\u00bb][\/vc_column_inner][vc_column_inner width=\u00a0\u00bb3\/4&Prime; offset=\u00a0\u00bbvc_col-xs-12&Prime; css=\u00a0\u00bb.vc_custom_1560937452421{padding-left: 25px !important;}\u00a0\u00bb][vc_column_text]\n<h2>Jean-Baptiste Philippe &#8211; Jaune &amp; Blue<\/h2>\n[\/vc_column_text][vc_empty_space height=\u00a0\u00bb20px\u00a0\u00bb][vc_column_text]<em>Architecte d\u2019int\u00e9rieur\u00a0<\/em><\/p>\n<p>Chez\u00a0<strong>Jaune &amp; Blue<\/strong>, il y a toujours une vraie rencontre au d\u00e9but de chaque projet. Je me d\u00e9place \u00e0 domicile dans tout le\u00a0<strong>Finist\u00e8re\u00a0<\/strong>\u2014 de\u00a0<strong>Brest \u00e0 Morlaix, jusqu&rsquo;\u00e0 Lannion<\/strong>\u00a0\u2014 afin d\u2019identifier avec vous vos v\u00e9ritables besoins dans votre environnement. Chaque demande est \u00e9tudi\u00e9e et avec soin, car le projet se construit ensemble. Mon engagement consiste \u00e0 : vous \u00e9couter, vous conseiller et concevoir un int\u00e9rieur qui vous ressemble,\u00a0<strong>avec rigueur, cr\u00e9ativit\u00e9 et proximit\u00e9<\/strong>.<\/p>\n<p><strong>\u00a0<\/strong><strong>Jaune &amp; Blue con\u00e7oit sur &#8211; mesure du\u00a0mobilier haut de gamme\u00a0\u00e0 partir\u00a0d\u2019objets d\u00e9tourn\u00e9s\u00a0du lieu de consommation pour leur donner une nouvelle vie gr\u00e2ce aux\u00a0savoir &#8211; faire des artisans locaux, exclusivement \u00e0 partir de\u00a0mat\u00e9riaux nobles.<\/strong><\/p>\n<p>Une offre modulable et personnalisable adapt\u00e9e \u00e0 votre volont\u00e9, \u00e0\u00a0<strong>votre style de vie<\/strong>, \u00e0\u00a0<strong>votre budget,<\/strong>\u00a0un\u00a0<strong>service de luxe<\/strong>\u00a0alli\u00e9 rigueur, conception sur mesure et\u00a0<strong>mat\u00e9riaux nobles<\/strong>, une clart\u00e9 des prestations, une vraie approche de suivi \u00e0 chaque \u00e9tape, une prise en compte de la probl\u00e9matique environnementale,\u00a0<strong>en privil\u00e9giant les mat\u00e9riaux recycl\u00e9s, les circuits courts<\/strong>, les m\u00e9thodes de conception respectueuses.[\/vc_column_text][vc_empty_space height=\u00a0\u00bb15px\u00a0\u00bb][\/vc_column_inner][\/vc_row_inner][vc_empty_space height=\u00a0\u00bb30px\u00a0\u00bb][vc_text_separator title=\u00a0\u00bbR\u00e9alisations\u00a0\u00bb][vc_empty_space height=\u00a0\u00bb30px\u00a0\u00bb][vc_row_inner][vc_column_inner width=\u00a0\u00bb1\/4&Prime;][vc_single_image image=\u00a0\u00bb19112&Prime; img_size=\u00a0\u00bb300&Prime;][\/vc_column_inner][vc_column_inner width=\u00a0\u00bb1\/4&Prime;][vc_single_image image=\u00a0\u00bb19110&Prime; img_size=\u00a0\u00bb300&Prime; alignment=\u00a0\u00bbcenter\u00a0\u00bb][\/vc_column_inner][vc_column_inner width=\u00a0\u00bb1\/4&Prime;][vc_single_image image=\u00a0\u00bb19113&Prime; img_size=\u00a0\u00bb300&Prime;][\/vc_column_inner][vc_column_inner width=\u00a0\u00bb1\/4&Prime;][vc_single_image image=\u00a0\u00bb19109&Prime; img_size=\u00a0\u00bb300&Prime;][\/vc_column_inner][\/vc_row_inner][vc_empty_space height=\u00a0\u00bb90px\u00a0\u00bb][\/vc_column][\/vc_row][vc_row disable_element=\u00a0\u00bbyes\u00a0\u00bb el_class=\u00a0\u00bbhide_on_mobile\u00a0\u00bb][vc_column width=\u00a0\u00bb1\/2&Prime; css=\u00a0\u00bb.vc_custom_1561477036635{background-image: url(https:\/\/www.viving.fr\/brest\/wp-content\/uploads\/sites\/3\/2019\/06\/2018-10-18-Viving-Lyon-GL-EVENTS-WEB-014.jpg?id=4245) !important;}\u00a0\u00bb]<div class=\"container-17739113255d0a062c4005ad09fd7336d70 ss-element gusta-container gusta-absolute-middle-center gusta-cover-column box_shadow hide_on_mobile\">[vc_column_text]<strong><span style=\"font-size: 36px;\">Professionnels de l&rsquo;habitat ?<\/span><\/strong><br \/>\n<span style=\"font-size: 36px;\">Participez sans plus attendre !<\/span>[\/vc_column_text][vc_empty_space height=\u00a0\u00bb75px\u00a0\u00bb][vc_btn title=\u00a0\u00bbExposez sur Viving !\u00a0\u00bb style=\u00a0\u00bbclassic\u00a0\u00bb align=\u00a0\u00bbcenter\u00a0\u00bb button_block=\u00a0\u00bbtrue\u00a0\u00bb link=\u00a0\u00bburl:%2Fbrest%2Fexposer%2F|||\u00a0\u00bb]<\/div>[vc_empty_space height=\u00a0\u00bb550px\u00a0\u00bb el_class=\u00a0\u00bbhide_on_mobile\u00a0\u00bb][\/vc_column][\/vc_row][vc_row full_width=\u00a0\u00bbstretch_row_content_no_spaces\u00a0\u00bb disable_element=\u00a0\u00bbyes\u00a0\u00bb el_class=\u00a0\u00bbon_mobile_only\u00a0\u00bb][vc_column width=\u00a0\u00bb1\/2&Prime; css=\u00a0\u00bb.vc_custom_1561477319807{background-image: url(https:\/\/www.viving.fr\/brest\/wp-content\/uploads\/sites\/3\/2019\/06\/bench-chair-comfort-1166406mob.jpg?id=4260) !important;}\u00a0\u00bb]<div class=\"container-12068573525d09fd98c8876d09fd7336d70 ss-element gusta-container gusta-absolute-middle-center gusta-cover-column box_shadow on_mobile_only\">[vc_column_text el_class=\u00a0\u00bbbloc_dark\u00a0\u00bb]<span style=\"font-size: 20px;\"><strong>Visiteurs ?<br \/>\n<\/strong>Participez sans plus attendre !<\/span>[\/vc_column_text][vc_empty_space height=\u00a0\u00bb35px\u00a0\u00bb][vc_btn title=\u00a0\u00bbVisitez le salon\u00a0\u00bb style=\u00a0\u00bbclassic\u00a0\u00bb align=\u00a0\u00bbcenter\u00a0\u00bb button_block=\u00a0\u00bbtrue\u00a0\u00bb link=\u00a0\u00bburl:https%3A%2F%2Fyurplan.com%2Fevent%2FSalon-Habitat-Immo-VIVING-de-Brest-PTS-2020%2F50972%23%2F|title:Billetterie|target:%20_blank|\u00a0\u00bb]<\/div>[vc_empty_space height=\u00a0\u00bb350px\u00a0\u00bb el_class=\u00a0\u00bbon_mobile_only\u00a0\u00bb][\/vc_column][vc_column width=\u00a0\u00bb1\/2&Prime; css=\u00a0\u00bb.vc_custom_1561477330736{background-image: url(https:\/\/www.viving.fr\/brest\/wp-content\/uploads\/sites\/3\/2019\/06\/2018-10-18-Viving-Lyon-GL-EVENTS-WEB-014mob.jpg?id=4258) !important;}\u00a0\u00bb]<div class=\"container-9920186625d09fd7336d70 ss-element gusta-container gusta-absolute-middle-center gusta-cover-column box_shadow on_mobile_only\">[vc_column_text]<span style=\"font-size: 20px;\"><strong>Professionnels de l&rsquo;habitat ?<\/strong><\/span><br \/>\n<span style=\"font-size: 20px;\">Participez sans plus attendre !<\/span>[\/vc_column_text][vc_empty_space height=\u00a0\u00bb35px\u00a0\u00bb][vc_btn title=\u00a0\u00bbExposez sur Viving !\u00a0\u00bb style=\u00a0\u00bbclassic\u00a0\u00bb align=\u00a0\u00bbcenter\u00a0\u00bb button_block=\u00a0\u00bbtrue\u00a0\u00bb link=\u00a0\u00bburl:%2Fbrest%2Fexposer%2F|||\u00a0\u00bb]<\/div>[vc_empty_space height=\u00a0\u00bb400px\u00a0\u00bb el_class=\u00a0\u00bbon_mobile_only\u00a0\u00bb][\/vc_column][\/vc_row]\n<\/section>","protected":false},"excerpt":{"rendered":"<p>[vc_row el_class=\u00a0\u00bbdesktop_padding_extra_large\u00a0\u00bb][vc_column][vc_empty_space height=\u00a0\u00bb90px\u00a0\u00bb][vc_row_inner equal_height=\u00a0\u00bbyes\u00a0\u00bb][vc_column_inner width=\u00a0\u00bb1\/4&Prime; css=\u00a0\u00bb.vc_custom_1594220283942{border-right-width: 2px !important;border-right-color: #33455b !important;border-right-style: solid !important;}\u00a0\u00bb][vc_single_image image=\u00a0\u00bb19111&Prime; img_size=\u00a0\u00bb400&Prime; alignment=\u00a0\u00bbright\u00a0\u00bb][vc_empty_space height=\u00a0\u00bb10px\u00a0\u00bb][\/vc_column_inner][vc_column_inner width=\u00a0\u00bb3\/4&Prime; offset=\u00a0\u00bbvc_col-xs-12&Prime; css=\u00a0\u00bb.vc_custom_1560937452421{padding-left: 25px !important;}\u00a0\u00bb][vc_column_text] Jean-Baptiste Philippe &#8211; Jaune &amp; Blue [\/vc_column_text][vc_empty_space height=\u00a0\u00bb20px\u00a0\u00bb][vc_column_text]Architecte d\u2019int\u00e9rieur\u00a0 Chez\u00a0Jaune &amp; Blue, il y a toujours une vraie rencontre au d\u00e9but de chaque projet. Je me d\u00e9place \u00e0 domicile dans tout le\u00a0Finist\u00e8re\u00a0\u2014 de\u00a0Brest \u00e0 &hellip; <\/p>\n<p class=\"link-more\"><a href=\"https:\/\/www.viving.fr\/brest\/animations\/profil-jean-baptiste-philippe\/\" class=\"more-link\">Continuer la lecture<span class=\"screen-reader-text\"> de &laquo;&nbsp;Profil Jean-Baptiste Philippe&nbsp;&raquo;<\/span><\/a><\/p>\n","protected":false},"author":14,"featured_media":0,"parent":3651,"menu_order":0,"comment_status":"closed","ping_status":"closed","template":"","meta":[],"yoast_head":"<!-- This site is optimized with the Yoast SEO plugin v19.13 - https:\/\/yoast.com\/wordpress\/plugins\/seo\/ -->\n<title>Profil Jean-Baptiste Philippe - Viving Brest<\/title>\n<meta name=\"robots\" content=\"index, follow, max-snippet:-1, max-image-preview:large, max-video-preview:-1\" \/>\n<link rel=\"canonical\" href=\"https:\/\/www.viving.fr\/brest\/animations\/profil-jean-baptiste-philippe\/\" \/>\n<meta property=\"og:locale\" content=\"fr_FR\" \/>\n<meta property=\"og:type\" content=\"article\" \/>\n<meta property=\"og:title\" content=\"Profil Jean-Baptiste Philippe - Viving Brest\" \/>\n<meta property=\"og:description\" content=\"[vc_row el_class=\u00a0\u00bbdesktop_padding_extra_large\u00a0\u00bb][vc_column][vc_empty_space height=\u00a0\u00bb90px\u00a0\u00bb][vc_row_inner equal_height=\u00a0\u00bbyes\u00a0\u00bb][vc_column_inner width=\u00a0\u00bb1\/4&Prime; css=\u00a0\u00bb.vc_custom_1594220283942{border-right-width: 2px !important;border-right-color: #33455b !important;border-right-style: solid !important;}\u00a0\u00bb][vc_single_image image=\u00a0\u00bb19111&Prime; img_size=\u00a0\u00bb400&Prime; alignment=\u00a0\u00bbright\u00a0\u00bb][vc_empty_space height=\u00a0\u00bb10px\u00a0\u00bb][\/vc_column_inner][vc_column_inner width=\u00a0\u00bb3\/4&Prime; offset=\u00a0\u00bbvc_col-xs-12&Prime; css=\u00a0\u00bb.vc_custom_1560937452421{padding-left: 25px !important;}\u00a0\u00bb][vc_column_text] Jean-Baptiste Philippe &#8211; Jaune &amp; Blue [\/vc_column_text][vc_empty_space height=\u00a0\u00bb20px\u00a0\u00bb][vc_column_text]Architecte d\u2019int\u00e9rieur\u00a0 Chez\u00a0Jaune &amp; Blue, il y a toujours une vraie rencontre au d\u00e9but de chaque projet. Je me d\u00e9place \u00e0 domicile dans tout le\u00a0Finist\u00e8re\u00a0\u2014 de\u00a0Brest \u00e0 &hellip; Continuer la lecture de &laquo;&nbsp;Profil Jean-Baptiste Philippe&nbsp;&raquo;\" \/>\n<meta property=\"og:url\" content=\"https:\/\/www.viving.fr\/brest\/animations\/profil-jean-baptiste-philippe\/\" \/>\n<meta property=\"og:site_name\" content=\"Viving Brest\" \/>\n<meta property=\"article:modified_time\" content=\"2026-02-11T10:46:52+00:00\" \/>\n<meta name=\"twitter:card\" content=\"summary_large_image\" \/>\n<meta name=\"twitter:label1\" content=\"Dur\u00e9e de lecture estim\u00e9e\" \/>\n\t<meta name=\"twitter:data1\" content=\"2 minutes\" \/>\n<script type=\"application\/ld+json\" class=\"yoast-schema-graph\">{\"@context\":\"https:\/\/schema.org\",\"@graph\":[{\"@type\":\"WebPage\",\"@id\":\"https:\/\/www.viving.fr\/brest\/animations\/profil-jean-baptiste-philippe\/\",\"url\":\"https:\/\/www.viving.fr\/brest\/animations\/profil-jean-baptiste-philippe\/\",\"name\":\"Profil Jean-Baptiste Philippe - Viving Brest\",\"isPartOf\":{\"@id\":\"https:\/\/www.viving.fr\/brest\/#website\"},\"datePublished\":\"2026-02-11T10:39:45+00:00\",\"dateModified\":\"2026-02-11T10:46:52+00:00\",\"breadcrumb\":{\"@id\":\"https:\/\/www.viving.fr\/brest\/animations\/profil-jean-baptiste-philippe\/#breadcrumb\"},\"inLanguage\":\"fr-FR\",\"potentialAction\":[{\"@type\":\"ReadAction\",\"target\":[\"https:\/\/www.viving.fr\/brest\/animations\/profil-jean-baptiste-philippe\/\"]}]},{\"@type\":\"BreadcrumbList\",\"@id\":\"https:\/\/www.viving.fr\/brest\/animations\/profil-jean-baptiste-philippe\/#breadcrumb\",\"itemListElement\":[{\"@type\":\"ListItem\",\"position\":1,\"name\":\"Espaces VIVING\",\"item\":\"https:\/\/www.viving.fr\/brest\/animations\/\"},{\"@type\":\"ListItem\",\"position\":2,\"name\":\"Profil Jean-Baptiste Philippe\"}]},{\"@type\":\"WebSite\",\"@id\":\"https:\/\/www.viving.fr\/brest\/#website\",\"url\":\"https:\/\/www.viving.fr\/brest\/\",\"name\":\"Viving Brest\",\"description\":\"S&#039;inspirer, Concr\u00e9tiser\",\"potentialAction\":[{\"@type\":\"SearchAction\",\"target\":{\"@type\":\"EntryPoint\",\"urlTemplate\":\"https:\/\/www.viving.fr\/brest\/?s={search_term_string}\"},\"query-input\":\"required name=search_term_string\"}],\"inLanguage\":\"fr-FR\"}]}<\/script>\n<!-- \/ Yoast SEO plugin. -->","yoast_head_json":{"title":"Profil Jean-Baptiste Philippe - Viving Brest","robots":{"index":"index","follow":"follow","max-snippet":"max-snippet:-1","max-image-preview":"max-image-preview:large","max-video-preview":"max-video-preview:-1"},"canonical":"https:\/\/www.viving.fr\/brest\/animations\/profil-jean-baptiste-philippe\/","og_locale":"fr_FR","og_type":"article","og_title":"Profil Jean-Baptiste Philippe - Viving Brest","og_description":"[vc_row el_class=\u00a0\u00bbdesktop_padding_extra_large\u00a0\u00bb][vc_column][vc_empty_space height=\u00a0\u00bb90px\u00a0\u00bb][vc_row_inner equal_height=\u00a0\u00bbyes\u00a0\u00bb][vc_column_inner width=\u00a0\u00bb1\/4&Prime; css=\u00a0\u00bb.vc_custom_1594220283942{border-right-width: 2px !important;border-right-color: #33455b !important;border-right-style: solid !important;}\u00a0\u00bb][vc_single_image image=\u00a0\u00bb19111&Prime; img_size=\u00a0\u00bb400&Prime; alignment=\u00a0\u00bbright\u00a0\u00bb][vc_empty_space height=\u00a0\u00bb10px\u00a0\u00bb][\/vc_column_inner][vc_column_inner width=\u00a0\u00bb3\/4&Prime; offset=\u00a0\u00bbvc_col-xs-12&Prime; css=\u00a0\u00bb.vc_custom_1560937452421{padding-left: 25px !important;}\u00a0\u00bb][vc_column_text] Jean-Baptiste Philippe &#8211; Jaune &amp; Blue [\/vc_column_text][vc_empty_space height=\u00a0\u00bb20px\u00a0\u00bb][vc_column_text]Architecte d\u2019int\u00e9rieur\u00a0 Chez\u00a0Jaune &amp; Blue, il y a toujours une vraie rencontre au d\u00e9but de chaque projet. Je me d\u00e9place \u00e0 domicile dans tout le\u00a0Finist\u00e8re\u00a0\u2014 de\u00a0Brest \u00e0 &hellip; Continuer la lecture de &laquo;&nbsp;Profil Jean-Baptiste Philippe&nbsp;&raquo;","og_url":"https:\/\/www.viving.fr\/brest\/animations\/profil-jean-baptiste-philippe\/","og_site_name":"Viving Brest","article_modified_time":"2026-02-11T10:46:52+00:00","twitter_card":"summary_large_image","twitter_misc":{"Dur\u00e9e de lecture estim\u00e9e":"2 minutes"},"schema":{"@context":"https:\/\/schema.org","@graph":[{"@type":"WebPage","@id":"https:\/\/www.viving.fr\/brest\/animations\/profil-jean-baptiste-philippe\/","url":"https:\/\/www.viving.fr\/brest\/animations\/profil-jean-baptiste-philippe\/","name":"Profil Jean-Baptiste Philippe - Viving Brest","isPartOf":{"@id":"https:\/\/www.viving.fr\/brest\/#website"},"datePublished":"2026-02-11T10:39:45+00:00","dateModified":"2026-02-11T10:46:52+00:00","breadcrumb":{"@id":"https:\/\/www.viving.fr\/brest\/animations\/profil-jean-baptiste-philippe\/#breadcrumb"},"inLanguage":"fr-FR","potentialAction":[{"@type":"ReadAction","target":["https:\/\/www.viving.fr\/brest\/animations\/profil-jean-baptiste-philippe\/"]}]},{"@type":"BreadcrumbList","@id":"https:\/\/www.viving.fr\/brest\/animations\/profil-jean-baptiste-philippe\/#breadcrumb","itemListElement":[{"@type":"ListItem","position":1,"name":"Espaces VIVING","item":"https:\/\/www.viving.fr\/brest\/animations\/"},{"@type":"ListItem","position":2,"name":"Profil Jean-Baptiste Philippe"}]},{"@type":"WebSite","@id":"https:\/\/www.viving.fr\/brest\/#website","url":"https:\/\/www.viving.fr\/brest\/","name":"Viving Brest","description":"S&#039;inspirer, Concr\u00e9tiser","potentialAction":[{"@type":"SearchAction","target":{"@type":"EntryPoint","urlTemplate":"https:\/\/www.viving.fr\/brest\/?s={search_term_string}"},"query-input":"required name=search_term_string"}],"inLanguage":"fr-FR"}]}},"_links":{"self":[{"href":"https:\/\/www.viving.fr\/brest\/wp-json\/wp\/v2\/pages\/19108"}],"collection":[{"href":"https:\/\/www.viving.fr\/brest\/wp-json\/wp\/v2\/pages"}],"about":[{"href":"https:\/\/www.viving.fr\/brest\/wp-json\/wp\/v2\/types\/page"}],"author":[{"embeddable":true,"href":"https:\/\/www.viving.fr\/brest\/wp-json\/wp\/v2\/users\/14"}],"replies":[{"embeddable":true,"href":"https:\/\/www.viving.fr\/brest\/wp-json\/wp\/v2\/comments?post=19108"}],"version-history":[{"count":2,"href":"https:\/\/www.viving.fr\/brest\/wp-json\/wp\/v2\/pages\/19108\/revisions"}],"predecessor-version":[{"id":19116,"href":"https:\/\/www.viving.fr\/brest\/wp-json\/wp\/v2\/pages\/19108\/revisions\/19116"}],"up":[{"embeddable":true,"href":"https:\/\/www.viving.fr\/brest\/wp-json\/wp\/v2\/pages\/3651"}],"wp:attachment":[{"href":"https:\/\/www.viving.fr\/brest\/wp-json\/wp\/v2\/media?parent=19108"}],"curies":[{"name":"wp","href":"https:\/\/api.w.org\/{rel}","templated":true}]}}