{"id":19115,"date":"2026-02-11T11:54:18","date_gmt":"2026-02-11T10:54:18","guid":{"rendered":"https:\/\/www.viving.fr\/brest\/?page_id=19115"},"modified":"2026-02-11T11:54:18","modified_gmt":"2026-02-11T10:54:18","slug":"profil-joana-clousier","status":"publish","type":"page","link":"https:\/\/www.viving.fr\/brest\/animations\/profil-joana-clousier\/","title":{"rendered":"Profil Joana Clousier"},"content":{"rendered":"<section class=\"wpb-content-wrapper\">[vc_row el_class=\u00a0\u00bbdesktop_padding_extra_large\u00a0\u00bb][vc_column][vc_empty_space height=\u00a0\u00bb90px\u00a0\u00bb][vc_row_inner equal_height=\u00a0\u00bbyes\u00a0\u00bb][vc_column_inner width=\u00a0\u00bb1\/4&Prime; css=\u00a0\u00bb.vc_custom_1594220283942{border-right-width: 2px !important;border-right-color: #33455b !important;border-right-style: solid !important;}\u00a0\u00bb][vc_single_image image=\u00a0\u00bb19118&Prime; img_size=\u00a0\u00bb400&Prime; alignment=\u00a0\u00bbright\u00a0\u00bb][vc_empty_space height=\u00a0\u00bb10px\u00a0\u00bb][\/vc_column_inner][vc_column_inner width=\u00a0\u00bb3\/4&Prime; offset=\u00a0\u00bbvc_col-xs-12&Prime; css=\u00a0\u00bb.vc_custom_1560937452421{padding-left: 25px !important;}\u00a0\u00bb][vc_column_text]\n<h2>Joana Clousier &#8211; Ateliers Rona<\/h2>\n[\/vc_column_text][vc_empty_space height=\u00a0\u00bb20px\u00a0\u00bb][vc_column_text]<em>Architecte d\u2019int\u00e9rieur\u00a0<\/em><\/p>\n<p><strong>Clarifier, concevoir, transformer vos espaces<\/strong><\/p>\n<p><strong>\u00a0<\/strong>Vous avez un projet d\u2019am\u00e9nagement ou de r\u00e9novation, mais vous ne savez pas par o\u00f9 commencer ?<\/p>\n<p><strong>ATELIERS RONA vous aide \u00e0 mettre de l\u2019ordre dans vos id\u00e9es avant de passer \u00e0 l\u2019action.<\/strong><\/p>\n<p>Fond\u00e9 par <strong>Joana Clousier<\/strong>, Designer d\u2019espace <strong>Dipl\u00f4m\u00e9e d\u2019\u00c9tat Architecte (ENSAB Rennes)<\/strong>, ce sont <strong>8 ans<\/strong> d\u2019exp\u00e9rience qui sont mis au service des particuliers dans leurs projets d\u2019int\u00e9rieur \u00e0 travers cette soci\u00e9t\u00e9.<\/p>\n<p>Ici, pas de solutions toutes faites : chaque projet commence par une <strong>analyse pr\u00e9cise de votre espace, de vos usages et de vos contraintes<\/strong> pour concevoir des lieux fonctionnels, sensibles et durables.<\/p>\n<p><strong>Ce que nous faisons\u00a0:<\/strong><\/p>\n<ul>\n<li><strong>Conseil &amp; accompagnement<\/strong>: Comprendre vos blocages, structurer votre projet, prioriser les bonnes d\u00e9cisions<br \/>\n\u2022 <strong>Am\u00e9nagement &amp; r\u00e9novation int\u00e9rieure<\/strong>: \u00a0Concevoir des espaces adapt\u00e9s \u00e0 votre mode de vie<br \/>\n\u2022 <strong>Autorisations d\u2019urbanisme<\/strong>\u00a0: Vous guider dans les d\u00e9marches administratives<\/li>\n<\/ul>\n<p>ATELIERS RONA travaille en <strong>\u00cele-de-France, en Bretagne et partout en France<\/strong>, aupr\u00e8s de particuliers comme de professionnels (boutiques, restaurants).<\/p>\n<p>Sur le salon, b\u00e9n\u00e9ficiez d\u2019un premier \u00e9change de 20 minutes offert et repartez avec des pistes concr\u00e8tes\u00a0![\/vc_column_text][vc_empty_space height=\u00a0\u00bb15px\u00a0\u00bb][\/vc_column_inner][\/vc_row_inner][vc_empty_space height=\u00a0\u00bb30px\u00a0\u00bb][vc_text_separator title=\u00a0\u00bbR\u00e9alisations\u00a0\u00bb][vc_empty_space height=\u00a0\u00bb30px\u00a0\u00bb][vc_row_inner][vc_column_inner width=\u00a0\u00bb1\/4&Prime;][vc_single_image image=\u00a0\u00bb19120&Prime; img_size=\u00a0\u00bb300&Prime;][\/vc_column_inner][vc_column_inner width=\u00a0\u00bb1\/4&Prime;][vc_single_image image=\u00a0\u00bb19121&Prime; img_size=\u00a0\u00bb300&Prime; alignment=\u00a0\u00bbcenter\u00a0\u00bb][\/vc_column_inner][vc_column_inner width=\u00a0\u00bb1\/4&Prime;][vc_single_image image=\u00a0\u00bb19122&Prime; img_size=\u00a0\u00bb300&Prime;][\/vc_column_inner][vc_column_inner width=\u00a0\u00bb1\/4&Prime;][vc_single_image image=\u00a0\u00bb19119&Prime; img_size=\u00a0\u00bb300&Prime;][\/vc_column_inner][\/vc_row_inner][vc_empty_space height=\u00a0\u00bb90px\u00a0\u00bb][\/vc_column][\/vc_row][vc_row disable_element=\u00a0\u00bbyes\u00a0\u00bb el_class=\u00a0\u00bbhide_on_mobile\u00a0\u00bb][vc_column width=\u00a0\u00bb1\/2&Prime; css=\u00a0\u00bb.vc_custom_1561477036635{background-image: url(https:\/\/www.viving.fr\/brest\/wp-content\/uploads\/sites\/3\/2019\/06\/2018-10-18-Viving-Lyon-GL-EVENTS-WEB-014.jpg?id=4245) !important;}\u00a0\u00bb]<div class=\"container-17739113255d0a062c4005ad09fd7336d70 ss-element gusta-container gusta-absolute-middle-center gusta-cover-column box_shadow hide_on_mobile\">[vc_column_text]<strong><span style=\"font-size: 36px;\">Professionnels de l&rsquo;habitat ?<\/span><\/strong><br \/>\n<span style=\"font-size: 36px;\">Participez sans plus attendre !<\/span>[\/vc_column_text][vc_empty_space height=\u00a0\u00bb75px\u00a0\u00bb][vc_btn title=\u00a0\u00bbExposez sur Viving !\u00a0\u00bb style=\u00a0\u00bbclassic\u00a0\u00bb align=\u00a0\u00bbcenter\u00a0\u00bb button_block=\u00a0\u00bbtrue\u00a0\u00bb link=\u00a0\u00bburl:%2Fbrest%2Fexposer%2F|||\u00a0\u00bb]<\/div>[vc_empty_space height=\u00a0\u00bb550px\u00a0\u00bb el_class=\u00a0\u00bbhide_on_mobile\u00a0\u00bb][\/vc_column][\/vc_row][vc_row full_width=\u00a0\u00bbstretch_row_content_no_spaces\u00a0\u00bb disable_element=\u00a0\u00bbyes\u00a0\u00bb el_class=\u00a0\u00bbon_mobile_only\u00a0\u00bb][vc_column width=\u00a0\u00bb1\/2&Prime; css=\u00a0\u00bb.vc_custom_1561477319807{background-image: url(https:\/\/www.viving.fr\/brest\/wp-content\/uploads\/sites\/3\/2019\/06\/bench-chair-comfort-1166406mob.jpg?id=4260) !important;}\u00a0\u00bb]<div class=\"container-12068573525d09fd98c8876d09fd7336d70 ss-element gusta-container gusta-absolute-middle-center gusta-cover-column box_shadow on_mobile_only\">[vc_column_text el_class=\u00a0\u00bbbloc_dark\u00a0\u00bb]<span style=\"font-size: 20px;\"><strong>Visiteurs ?<br \/>\n<\/strong>Participez sans plus attendre !<\/span>[\/vc_column_text][vc_empty_space height=\u00a0\u00bb35px\u00a0\u00bb][vc_btn title=\u00a0\u00bbVisitez le salon\u00a0\u00bb style=\u00a0\u00bbclassic\u00a0\u00bb align=\u00a0\u00bbcenter\u00a0\u00bb button_block=\u00a0\u00bbtrue\u00a0\u00bb link=\u00a0\u00bburl:https%3A%2F%2Fyurplan.com%2Fevent%2FSalon-Habitat-Immo-VIVING-de-Brest-PTS-2020%2F50972%23%2F|title:Billetterie|target:%20_blank|\u00a0\u00bb]<\/div>[vc_empty_space height=\u00a0\u00bb350px\u00a0\u00bb el_class=\u00a0\u00bbon_mobile_only\u00a0\u00bb][\/vc_column][vc_column width=\u00a0\u00bb1\/2&Prime; css=\u00a0\u00bb.vc_custom_1561477330736{background-image: url(https:\/\/www.viving.fr\/brest\/wp-content\/uploads\/sites\/3\/2019\/06\/2018-10-18-Viving-Lyon-GL-EVENTS-WEB-014mob.jpg?id=4258) !important;}\u00a0\u00bb]<div class=\"container-9920186625d09fd7336d70 ss-element gusta-container gusta-absolute-middle-center gusta-cover-column box_shadow on_mobile_only\">[vc_column_text]<span style=\"font-size: 20px;\"><strong>Professionnels de l&rsquo;habitat ?<\/strong><\/span><br \/>\n<span style=\"font-size: 20px;\">Participez sans plus attendre !<\/span>[\/vc_column_text][vc_empty_space height=\u00a0\u00bb35px\u00a0\u00bb][vc_btn title=\u00a0\u00bbExposez sur Viving !\u00a0\u00bb style=\u00a0\u00bbclassic\u00a0\u00bb align=\u00a0\u00bbcenter\u00a0\u00bb button_block=\u00a0\u00bbtrue\u00a0\u00bb link=\u00a0\u00bburl:%2Fbrest%2Fexposer%2F|||\u00a0\u00bb]<\/div>[vc_empty_space height=\u00a0\u00bb400px\u00a0\u00bb el_class=\u00a0\u00bbon_mobile_only\u00a0\u00bb][\/vc_column][\/vc_row]\n<\/section>","protected":false},"excerpt":{"rendered":"<p>[vc_row el_class=\u00a0\u00bbdesktop_padding_extra_large\u00a0\u00bb][vc_column][vc_empty_space height=\u00a0\u00bb90px\u00a0\u00bb][vc_row_inner equal_height=\u00a0\u00bbyes\u00a0\u00bb][vc_column_inner width=\u00a0\u00bb1\/4&Prime; css=\u00a0\u00bb.vc_custom_1594220283942{border-right-width: 2px !important;border-right-color: #33455b !important;border-right-style: solid !important;}\u00a0\u00bb][vc_single_image image=\u00a0\u00bb19118&Prime; img_size=\u00a0\u00bb400&Prime; alignment=\u00a0\u00bbright\u00a0\u00bb][vc_empty_space height=\u00a0\u00bb10px\u00a0\u00bb][\/vc_column_inner][vc_column_inner width=\u00a0\u00bb3\/4&Prime; offset=\u00a0\u00bbvc_col-xs-12&Prime; css=\u00a0\u00bb.vc_custom_1560937452421{padding-left: 25px !important;}\u00a0\u00bb][vc_column_text] Joana Clousier &#8211; Ateliers Rona [\/vc_column_text][vc_empty_space height=\u00a0\u00bb20px\u00a0\u00bb][vc_column_text]Architecte d\u2019int\u00e9rieur\u00a0 Clarifier, concevoir, transformer vos espaces \u00a0Vous avez un projet d\u2019am\u00e9nagement ou de r\u00e9novation, mais vous ne savez pas par o\u00f9 commencer ? ATELIERS RONA vous aide &hellip; <\/p>\n<p class=\"link-more\"><a href=\"https:\/\/www.viving.fr\/brest\/animations\/profil-joana-clousier\/\" class=\"more-link\">Continuer la lecture<span class=\"screen-reader-text\"> de &laquo;&nbsp;Profil Joana Clousier&nbsp;&raquo;<\/span><\/a><\/p>\n","protected":false},"author":14,"featured_media":0,"parent":3651,"menu_order":0,"comment_status":"closed","ping_status":"closed","template":"","meta":[],"yoast_head":"<!-- This site is optimized with the Yoast SEO plugin v19.13 - https:\/\/yoast.com\/wordpress\/plugins\/seo\/ -->\n<title>Profil Joana Clousier - Viving Brest<\/title>\n<meta name=\"robots\" content=\"index, follow, max-snippet:-1, max-image-preview:large, max-video-preview:-1\" \/>\n<link rel=\"canonical\" href=\"https:\/\/www.viving.fr\/brest\/animations\/profil-joana-clousier\/\" \/>\n<meta property=\"og:locale\" content=\"fr_FR\" \/>\n<meta property=\"og:type\" content=\"article\" \/>\n<meta property=\"og:title\" content=\"Profil Joana Clousier - Viving Brest\" \/>\n<meta property=\"og:description\" content=\"[vc_row el_class=\u00a0\u00bbdesktop_padding_extra_large\u00a0\u00bb][vc_column][vc_empty_space height=\u00a0\u00bb90px\u00a0\u00bb][vc_row_inner equal_height=\u00a0\u00bbyes\u00a0\u00bb][vc_column_inner width=\u00a0\u00bb1\/4&Prime; css=\u00a0\u00bb.vc_custom_1594220283942{border-right-width: 2px !important;border-right-color: #33455b !important;border-right-style: solid !important;}\u00a0\u00bb][vc_single_image image=\u00a0\u00bb19118&Prime; img_size=\u00a0\u00bb400&Prime; alignment=\u00a0\u00bbright\u00a0\u00bb][vc_empty_space height=\u00a0\u00bb10px\u00a0\u00bb][\/vc_column_inner][vc_column_inner width=\u00a0\u00bb3\/4&Prime; offset=\u00a0\u00bbvc_col-xs-12&Prime; css=\u00a0\u00bb.vc_custom_1560937452421{padding-left: 25px !important;}\u00a0\u00bb][vc_column_text] Joana Clousier &#8211; Ateliers Rona [\/vc_column_text][vc_empty_space height=\u00a0\u00bb20px\u00a0\u00bb][vc_column_text]Architecte d\u2019int\u00e9rieur\u00a0 Clarifier, concevoir, transformer vos espaces \u00a0Vous avez un projet d\u2019am\u00e9nagement ou de r\u00e9novation, mais vous ne savez pas par o\u00f9 commencer ? ATELIERS RONA vous aide &hellip; Continuer la lecture de &laquo;&nbsp;Profil Joana Clousier&nbsp;&raquo;\" \/>\n<meta property=\"og:url\" content=\"https:\/\/www.viving.fr\/brest\/animations\/profil-joana-clousier\/\" \/>\n<meta property=\"og:site_name\" content=\"Viving Brest\" \/>\n<meta name=\"twitter:card\" content=\"summary_large_image\" \/>\n<meta name=\"twitter:label1\" content=\"Dur\u00e9e de lecture estim\u00e9e\" \/>\n\t<meta name=\"twitter:data1\" content=\"2 minutes\" \/>\n<script type=\"application\/ld+json\" class=\"yoast-schema-graph\">{\"@context\":\"https:\/\/schema.org\",\"@graph\":[{\"@type\":\"WebPage\",\"@id\":\"https:\/\/www.viving.fr\/brest\/animations\/profil-joana-clousier\/\",\"url\":\"https:\/\/www.viving.fr\/brest\/animations\/profil-joana-clousier\/\",\"name\":\"Profil Joana Clousier - Viving Brest\",\"isPartOf\":{\"@id\":\"https:\/\/www.viving.fr\/brest\/#website\"},\"datePublished\":\"2026-02-11T10:54:18+00:00\",\"dateModified\":\"2026-02-11T10:54:18+00:00\",\"breadcrumb\":{\"@id\":\"https:\/\/www.viving.fr\/brest\/animations\/profil-joana-clousier\/#breadcrumb\"},\"inLanguage\":\"fr-FR\",\"potentialAction\":[{\"@type\":\"ReadAction\",\"target\":[\"https:\/\/www.viving.fr\/brest\/animations\/profil-joana-clousier\/\"]}]},{\"@type\":\"BreadcrumbList\",\"@id\":\"https:\/\/www.viving.fr\/brest\/animations\/profil-joana-clousier\/#breadcrumb\",\"itemListElement\":[{\"@type\":\"ListItem\",\"position\":1,\"name\":\"Espaces VIVING\",\"item\":\"https:\/\/www.viving.fr\/brest\/animations\/\"},{\"@type\":\"ListItem\",\"position\":2,\"name\":\"Profil Joana Clousier\"}]},{\"@type\":\"WebSite\",\"@id\":\"https:\/\/www.viving.fr\/brest\/#website\",\"url\":\"https:\/\/www.viving.fr\/brest\/\",\"name\":\"Viving Brest\",\"description\":\"S&#039;inspirer, Concr\u00e9tiser\",\"potentialAction\":[{\"@type\":\"SearchAction\",\"target\":{\"@type\":\"EntryPoint\",\"urlTemplate\":\"https:\/\/www.viving.fr\/brest\/?s={search_term_string}\"},\"query-input\":\"required name=search_term_string\"}],\"inLanguage\":\"fr-FR\"}]}<\/script>\n<!-- \/ Yoast SEO plugin. -->","yoast_head_json":{"title":"Profil Joana Clousier - Viving Brest","robots":{"index":"index","follow":"follow","max-snippet":"max-snippet:-1","max-image-preview":"max-image-preview:large","max-video-preview":"max-video-preview:-1"},"canonical":"https:\/\/www.viving.fr\/brest\/animations\/profil-joana-clousier\/","og_locale":"fr_FR","og_type":"article","og_title":"Profil Joana Clousier - Viving Brest","og_description":"[vc_row el_class=\u00a0\u00bbdesktop_padding_extra_large\u00a0\u00bb][vc_column][vc_empty_space height=\u00a0\u00bb90px\u00a0\u00bb][vc_row_inner equal_height=\u00a0\u00bbyes\u00a0\u00bb][vc_column_inner width=\u00a0\u00bb1\/4&Prime; css=\u00a0\u00bb.vc_custom_1594220283942{border-right-width: 2px !important;border-right-color: #33455b !important;border-right-style: solid !important;}\u00a0\u00bb][vc_single_image image=\u00a0\u00bb19118&Prime; img_size=\u00a0\u00bb400&Prime; alignment=\u00a0\u00bbright\u00a0\u00bb][vc_empty_space height=\u00a0\u00bb10px\u00a0\u00bb][\/vc_column_inner][vc_column_inner width=\u00a0\u00bb3\/4&Prime; offset=\u00a0\u00bbvc_col-xs-12&Prime; css=\u00a0\u00bb.vc_custom_1560937452421{padding-left: 25px !important;}\u00a0\u00bb][vc_column_text] Joana Clousier &#8211; Ateliers Rona [\/vc_column_text][vc_empty_space height=\u00a0\u00bb20px\u00a0\u00bb][vc_column_text]Architecte d\u2019int\u00e9rieur\u00a0 Clarifier, concevoir, transformer vos espaces \u00a0Vous avez un projet d\u2019am\u00e9nagement ou de r\u00e9novation, mais vous ne savez pas par o\u00f9 commencer ? ATELIERS RONA vous aide &hellip; Continuer la lecture de &laquo;&nbsp;Profil Joana Clousier&nbsp;&raquo;","og_url":"https:\/\/www.viving.fr\/brest\/animations\/profil-joana-clousier\/","og_site_name":"Viving Brest","twitter_card":"summary_large_image","twitter_misc":{"Dur\u00e9e de lecture estim\u00e9e":"2 minutes"},"schema":{"@context":"https:\/\/schema.org","@graph":[{"@type":"WebPage","@id":"https:\/\/www.viving.fr\/brest\/animations\/profil-joana-clousier\/","url":"https:\/\/www.viving.fr\/brest\/animations\/profil-joana-clousier\/","name":"Profil Joana Clousier - Viving Brest","isPartOf":{"@id":"https:\/\/www.viving.fr\/brest\/#website"},"datePublished":"2026-02-11T10:54:18+00:00","dateModified":"2026-02-11T10:54:18+00:00","breadcrumb":{"@id":"https:\/\/www.viving.fr\/brest\/animations\/profil-joana-clousier\/#breadcrumb"},"inLanguage":"fr-FR","potentialAction":[{"@type":"ReadAction","target":["https:\/\/www.viving.fr\/brest\/animations\/profil-joana-clousier\/"]}]},{"@type":"BreadcrumbList","@id":"https:\/\/www.viving.fr\/brest\/animations\/profil-joana-clousier\/#breadcrumb","itemListElement":[{"@type":"ListItem","position":1,"name":"Espaces VIVING","item":"https:\/\/www.viving.fr\/brest\/animations\/"},{"@type":"ListItem","position":2,"name":"Profil Joana Clousier"}]},{"@type":"WebSite","@id":"https:\/\/www.viving.fr\/brest\/#website","url":"https:\/\/www.viving.fr\/brest\/","name":"Viving Brest","description":"S&#039;inspirer, Concr\u00e9tiser","potentialAction":[{"@type":"SearchAction","target":{"@type":"EntryPoint","urlTemplate":"https:\/\/www.viving.fr\/brest\/?s={search_term_string}"},"query-input":"required name=search_term_string"}],"inLanguage":"fr-FR"}]}},"_links":{"self":[{"href":"https:\/\/www.viving.fr\/brest\/wp-json\/wp\/v2\/pages\/19115"}],"collection":[{"href":"https:\/\/www.viving.fr\/brest\/wp-json\/wp\/v2\/pages"}],"about":[{"href":"https:\/\/www.viving.fr\/brest\/wp-json\/wp\/v2\/types\/page"}],"author":[{"embeddable":true,"href":"https:\/\/www.viving.fr\/brest\/wp-json\/wp\/v2\/users\/14"}],"replies":[{"embeddable":true,"href":"https:\/\/www.viving.fr\/brest\/wp-json\/wp\/v2\/comments?post=19115"}],"version-history":[{"count":2,"href":"https:\/\/www.viving.fr\/brest\/wp-json\/wp\/v2\/pages\/19115\/revisions"}],"predecessor-version":[{"id":19123,"href":"https:\/\/www.viving.fr\/brest\/wp-json\/wp\/v2\/pages\/19115\/revisions\/19123"}],"up":[{"embeddable":true,"href":"https:\/\/www.viving.fr\/brest\/wp-json\/wp\/v2\/pages\/3651"}],"wp:attachment":[{"href":"https:\/\/www.viving.fr\/brest\/wp-json\/wp\/v2\/media?parent=19115"}],"curies":[{"name":"wp","href":"https:\/\/api.w.org\/{rel}","templated":true}]}}