{"id":9694,"date":"2022-06-02T16:52:30","date_gmt":"2022-06-02T14:52:30","guid":{"rendered":"https:\/\/www.viving.fr\/brest\/?page_id=9694"},"modified":"2026-01-16T10:49:05","modified_gmt":"2026-01-16T09:49:05","slug":"billetterie","status":"publish","type":"page","link":"https:\/\/www.viving.fr\/brest\/billetterie\/","title":{"rendered":"Billetterie"},"content":{"rendered":"<section class=\"wpb-content-wrapper\">[vc_row full_width=\u00a0\u00bbstretch_row_content_no_spaces\u00a0\u00bb el_class=\u00a0\u00bbdesktop_padding_extra_large\u00a0\u00bb][vc_column][vc_empty_space height=\u00a0\u00bb60px\u00a0\u00bb el_class=\u00a0\u00bbhide_on_mobile\u00a0\u00bb][vc_empty_space height=\u00a0\u00bb40px\u00a0\u00bb el_class=\u00a0\u00bbon_mobile_only\u00a0\u00bb][vc_column_text el_class=\u00a0\u00bbtitre_trait\u00a0\u00bb]\n<h2>T\u00e9l\u00e9chargez <strong>vos entr\u00e9es ici<\/strong><\/h2>\n[\/vc_column_text][vc_empty_space height=\u00a0\u00bb60px\u00a0\u00bb el_class=\u00a0\u00bbhide_on_mobile\u00a0\u00bb][vc_empty_space height=\u00a0\u00bb40px\u00a0\u00bb el_class=\u00a0\u00bbon_mobile_only\u00a0\u00bb][vc_row_inner gap=\u00a0\u00bb35&Prime;][vc_column_inner width=\u00a0\u00bb1\/2&Prime;][vc_single_image image=\u00a0\u00bb19025&Prime; img_size=\u00a0\u00bblarge\u00a0\u00bb alignment=\u00a0\u00bbcenter\u00a0\u00bb onclick=\u00a0\u00bbcustom_link\u00a0\u00bb link=\u00a0\u00bbhttps:\/\/billetterie.viving.fr\/vbr26\/inscriptionvisiteurs-2\/adtavr\u00a0\u00bb][vc_empty_space height=\u00a0\u00bb60px\u00a0\u00bb el_class=\u00a0\u00bbhide_on_mobile\u00a0\u00bb][vc_empty_space height=\u00a0\u00bb40px\u00a0\u00bb el_class=\u00a0\u00bbon_mobile_only\u00a0\u00bb][vc_btn title=\u00a0\u00bbBilletterie Viving Habitat &amp; Immobilier\u00a0\u00bb align=\u00a0\u00bbcenter\u00a0\u00bb button_block=\u00a0\u00bbtrue\u00a0\u00bb link=\u00a0\u00bburl:https%3A%2F%2Fbilletterie.viving.fr%2Fvbr26%2Finscriptionvisiteurs-2%2Fadtavr\u00a0\u00bb el_class=\u00a0\u00bbarx_bouton\u00a0\u00bb][\/vc_column_inner][vc_column_inner width=\u00a0\u00bb1\/2&Prime;][vc_single_image image=\u00a0\u00bb18886&Prime; img_size=\u00a0\u00bblarge\u00a0\u00bb alignment=\u00a0\u00bbcenter\u00a0\u00bb onclick=\u00a0\u00bbcustom_link\u00a0\u00bb link=\u00a0\u00bbhttps:\/\/billetterie.viving.fr\/vbr26\/inscriptionvisiteurscoprosolutions-203\/cutfuy\u00a0\u00bb][vc_empty_space height=\u00a0\u00bb60px\u00a0\u00bb el_class=\u00a0\u00bbhide_on_mobile\u00a0\u00bb][vc_empty_space height=\u00a0\u00bb40px\u00a0\u00bb el_class=\u00a0\u00bbon_mobile_only\u00a0\u00bb][vc_btn title=\u00a0\u00bbBilletterie Coprosolutions\u00a0\u00bb align=\u00a0\u00bbcenter\u00a0\u00bb button_block=\u00a0\u00bbtrue\u00a0\u00bb link=\u00a0\u00bburl:https%3A%2F%2Fbilletterie.viving.fr%2Fvbr26%2Finscriptionvisiteurscoprosolutions-203%2Fcutfuy\u00a0\u00bb el_class=\u00a0\u00bbarx_bouton\u00a0\u00bb][\/vc_column_inner][\/vc_row_inner][vc_empty_space height=\u00a0\u00bb60px\u00a0\u00bb el_class=\u00a0\u00bbhide_on_mobile\u00a0\u00bb][vc_column_text]<span style=\"font-size: 14px\"><em>Les informations recueillies sont n\u00e9cessaires pour vous adresser les documents qui faciliteront votre visite du salon : badges, codes d\u2019acc\u00e8s, informations utiles et invitations pour la prochaine \u00e9dition du salon. Vous avez la possibilit\u00e9 de vous inscrire sur la liste d\u2019opposition au d\u00e9marchage t\u00e9l\u00e9phonique selon l\u2019article L.121-34 du Code de la consommation.<\/em><\/span><br \/>\n<span style=\"font-size: 14px\"><em>Conform\u00e9ment \u00e0 la loi n\u00b078-17 du 6 janvier 1978 modifi\u00e9e et au R\u00e8glement (UE) 2016\/679 du 27 avril 2016 (RGPD), la soci\u00e9t\u00e9 GL events Exhibitions Op\u00e9rations, en qualit\u00e9 de responsable de traitement, est amen\u00e9e \u00e0 traiter les donn\u00e9es renseign\u00e9es dans ce formulaire aux fins de prospection commerciale et de r\u00e9alisation d\u2019analyses internes, de traitement et de gestion de votre demande d\u2019inscription\/d\u2019achat\/de badge.<\/em><\/span><br \/>\n<span style=\"font-size: 14px\"><em>Vous pouvez exercer vos droits, et notamment votre droit d\u2019acc\u00e8s, de rectification, d\u2019effacement et d\u2019opposition, en \u00e9crivant \u00e0 l\u2019adresse email suivante <a href=\"mailto:dpglex@gl-events.com\">dpglex@gl-events.com<\/a><\/em><\/span><br \/>\n<span style=\"font-size: 14px\"><em>Vous pouvez retirer \u00e0 tout moment votre consentement au traitement de vos donn\u00e9es ; vous pouvez \u00e9galement vous opposer au traitement de vos donn\u00e9es ; vous pouvez \u00e9galement exercer votre droit \u00e0 la portabilit\u00e9 de vos donn\u00e9es<\/em><\/span><br \/>\n<span style=\"font-size: 14px\"><em>Consultez le site cnil.fr pour plus d\u2019informations sur vos droits.<\/em><\/span><br \/>\n<span style=\"font-size: 14px\"><em>L\u2019int\u00e9gralit\u00e9 des informations relatives aux traitements de vos donn\u00e9es personnelles figure dans le document Politique de confidentialit\u00e9 dont vous attestez avoir pris connaissance.<\/em><\/span><br \/>\n<span style=\"font-size: 14px\"><em>En utilisant le badge\/billet pour acc\u00e9der au salon, ses concours, ses \u00e9v\u00e9nements et espaces d\u2019animations, le visiteur est r\u00e9put\u00e9 avoir accept\u00e9 les conditions \u00e9nonc\u00e9es ci-dessous : En tant que visiteur, je reconnais et accepte que je puisse \u00eatre photographi\u00e9, film\u00e9 ou enregistr\u00e9 pendant le salon. J\u2019autorise l\u2019organisateur et\/ou les entit\u00e9s qui coop\u00e8rent avec l\u2019organisateur \u00e0 utiliser tous textes, images et sons capt\u00e9s ou pris \u00e0 cette occasion dans lesquels figurent, en tout ou partie, mon nom, ma voix et\/ou ma personne, \u00e0 des fins promotionnelles ou commerciales, sur tous supports et par tous moyens de communication existants ou \u00e0 venir (par ex. imprim\u00e9s, presse, t\u00e9l\u00e9vision, internet, t\u00e9l\u00e9phones portables, etc.), partout dans le monde. Je reconnais et accepte \u00e9galement que je n\u2019aurai droit \u00e0 aucune r\u00e9mun\u00e9ration dans le cas d\u2019une telle utilisation. Si je ne souhaite pas \u00eatre film\u00e9 ou photographi\u00e9, je communiquerai mon refus \u00e0 l\u2019\u00e9quipe de tournage ou le photographe sur place.<\/em><\/span>[\/vc_column_text][vc_empty_space height=\u00a0\u00bb80px\u00a0\u00bb el_class=\u00a0\u00bbhide_on_mobile\u00a0\u00bb][vc_empty_space height=\u00a0\u00bb10px\u00a0\u00bb][\/vc_column][\/vc_row]\n<\/section>","protected":false},"excerpt":{"rendered":"<p>[vc_row full_width=\u00a0\u00bbstretch_row_content_no_spaces\u00a0\u00bb el_class=\u00a0\u00bbdesktop_padding_extra_large\u00a0\u00bb][vc_column][vc_empty_space height=\u00a0\u00bb60px\u00a0\u00bb el_class=\u00a0\u00bbhide_on_mobile\u00a0\u00bb][vc_empty_space height=\u00a0\u00bb40px\u00a0\u00bb el_class=\u00a0\u00bbon_mobile_only\u00a0\u00bb][vc_column_text el_class=\u00a0\u00bbtitre_trait\u00a0\u00bb] T\u00e9l\u00e9chargez vos entr\u00e9es ici [\/vc_column_text][vc_empty_space height=\u00a0\u00bb60px\u00a0\u00bb el_class=\u00a0\u00bbhide_on_mobile\u00a0\u00bb][vc_empty_space height=\u00a0\u00bb40px\u00a0\u00bb el_class=\u00a0\u00bbon_mobile_only\u00a0\u00bb][vc_row_inner gap=\u00a0\u00bb35&Prime;][vc_column_inner width=\u00a0\u00bb1\/2&Prime;][vc_single_image image=\u00a0\u00bb19025&Prime; img_size=\u00a0\u00bblarge\u00a0\u00bb alignment=\u00a0\u00bbcenter\u00a0\u00bb onclick=\u00a0\u00bbcustom_link\u00a0\u00bb link=\u00a0\u00bbhttps:\/\/billetterie.viving.fr\/vbr26\/inscriptionvisiteurs-2\/adtavr\u00a0\u00bb][vc_empty_space height=\u00a0\u00bb60px\u00a0\u00bb el_class=\u00a0\u00bbhide_on_mobile\u00a0\u00bb][vc_empty_space height=\u00a0\u00bb40px\u00a0\u00bb el_class=\u00a0\u00bbon_mobile_only\u00a0\u00bb][vc_btn title=\u00a0\u00bbBilletterie Viving Habitat &amp; Immobilier\u00a0\u00bb align=\u00a0\u00bbcenter\u00a0\u00bb button_block=\u00a0\u00bbtrue\u00a0\u00bb link=\u00a0\u00bburl:https%3A%2F%2Fbilletterie.viving.fr%2Fvbr26%2Finscriptionvisiteurs-2%2Fadtavr\u00a0\u00bb el_class=\u00a0\u00bbarx_bouton\u00a0\u00bb][\/vc_column_inner][vc_column_inner width=\u00a0\u00bb1\/2&Prime;][vc_single_image image=\u00a0\u00bb18886&Prime; img_size=\u00a0\u00bblarge\u00a0\u00bb alignment=\u00a0\u00bbcenter\u00a0\u00bb onclick=\u00a0\u00bbcustom_link\u00a0\u00bb link=\u00a0\u00bbhttps:\/\/billetterie.viving.fr\/vbr26\/inscriptionvisiteurscoprosolutions-203\/cutfuy\u00a0\u00bb][vc_empty_space height=\u00a0\u00bb60px\u00a0\u00bb el_class=\u00a0\u00bbhide_on_mobile\u00a0\u00bb][vc_empty_space height=\u00a0\u00bb40px\u00a0\u00bb el_class=\u00a0\u00bbon_mobile_only\u00a0\u00bb][vc_btn title=\u00a0\u00bbBilletterie Coprosolutions\u00a0\u00bb align=\u00a0\u00bbcenter\u00a0\u00bb button_block=\u00a0\u00bbtrue\u00a0\u00bb link=\u00a0\u00bburl:https%3A%2F%2Fbilletterie.viving.fr%2Fvbr26%2Finscriptionvisiteurscoprosolutions-203%2Fcutfuy\u00a0\u00bb el_class=\u00a0\u00bbarx_bouton\u00a0\u00bb][\/vc_column_inner][\/vc_row_inner][vc_empty_space height=\u00a0\u00bb60px\u00a0\u00bb el_class=\u00a0\u00bbhide_on_mobile\u00a0\u00bb][vc_column_text]Les &hellip; <\/p>\n<p class=\"link-more\"><a href=\"https:\/\/www.viving.fr\/brest\/billetterie\/\" class=\"more-link\">Continuer la lecture<span class=\"screen-reader-text\"> de &laquo;&nbsp;Billetterie&nbsp;&raquo;<\/span><\/a><\/p>\n","protected":false},"author":14,"featured_media":0,"parent":0,"menu_order":1,"comment_status":"closed","ping_status":"closed","template":"","meta":[],"yoast_head":"<!-- This site is optimized with the Yoast SEO plugin v19.13 - https:\/\/yoast.com\/wordpress\/plugins\/seo\/ -->\n<title>Viving Brest - Billetterie<\/title>\n<meta name=\"robots\" content=\"index, follow, max-snippet:-1, max-image-preview:large, max-video-preview:-1\" \/>\n<link rel=\"canonical\" href=\"https:\/\/www.viving.fr\/brest\/billetterie\/\" \/>\n<meta property=\"og:locale\" content=\"fr_FR\" \/>\n<meta property=\"og:type\" content=\"article\" \/>\n<meta property=\"og:title\" content=\"Viving Brest - Billetterie\" \/>\n<meta property=\"og:description\" content=\"[vc_row full_width=\u00a0\u00bbstretch_row_content_no_spaces\u00a0\u00bb el_class=\u00a0\u00bbdesktop_padding_extra_large\u00a0\u00bb][vc_column][vc_empty_space height=\u00a0\u00bb60px\u00a0\u00bb el_class=\u00a0\u00bbhide_on_mobile\u00a0\u00bb][vc_empty_space height=\u00a0\u00bb40px\u00a0\u00bb el_class=\u00a0\u00bbon_mobile_only\u00a0\u00bb][vc_column_text el_class=\u00a0\u00bbtitre_trait\u00a0\u00bb] T\u00e9l\u00e9chargez vos entr\u00e9es ici [\/vc_column_text][vc_empty_space height=\u00a0\u00bb60px\u00a0\u00bb el_class=\u00a0\u00bbhide_on_mobile\u00a0\u00bb][vc_empty_space height=\u00a0\u00bb40px\u00a0\u00bb el_class=\u00a0\u00bbon_mobile_only\u00a0\u00bb][vc_row_inner gap=\u00a0\u00bb35&Prime;][vc_column_inner width=\u00a0\u00bb1\/2&Prime;][vc_single_image image=\u00a0\u00bb19025&Prime; img_size=\u00a0\u00bblarge\u00a0\u00bb alignment=\u00a0\u00bbcenter\u00a0\u00bb onclick=\u00a0\u00bbcustom_link\u00a0\u00bb link=\u00a0\u00bbhttps:\/\/billetterie.viving.fr\/vbr26\/inscriptionvisiteurs-2\/adtavr\u00a0\u00bb][vc_empty_space height=\u00a0\u00bb60px\u00a0\u00bb el_class=\u00a0\u00bbhide_on_mobile\u00a0\u00bb][vc_empty_space height=\u00a0\u00bb40px\u00a0\u00bb el_class=\u00a0\u00bbon_mobile_only\u00a0\u00bb][vc_btn title=\u00a0\u00bbBilletterie Viving Habitat &amp; Immobilier\u00a0\u00bb align=\u00a0\u00bbcenter\u00a0\u00bb button_block=\u00a0\u00bbtrue\u00a0\u00bb link=\u00a0\u00bburl:https%3A%2F%2Fbilletterie.viving.fr%2Fvbr26%2Finscriptionvisiteurs-2%2Fadtavr\u00a0\u00bb el_class=\u00a0\u00bbarx_bouton\u00a0\u00bb][\/vc_column_inner][vc_column_inner width=\u00a0\u00bb1\/2&Prime;][vc_single_image image=\u00a0\u00bb18886&Prime; img_size=\u00a0\u00bblarge\u00a0\u00bb alignment=\u00a0\u00bbcenter\u00a0\u00bb onclick=\u00a0\u00bbcustom_link\u00a0\u00bb link=\u00a0\u00bbhttps:\/\/billetterie.viving.fr\/vbr26\/inscriptionvisiteurscoprosolutions-203\/cutfuy\u00a0\u00bb][vc_empty_space height=\u00a0\u00bb60px\u00a0\u00bb el_class=\u00a0\u00bbhide_on_mobile\u00a0\u00bb][vc_empty_space height=\u00a0\u00bb40px\u00a0\u00bb el_class=\u00a0\u00bbon_mobile_only\u00a0\u00bb][vc_btn title=\u00a0\u00bbBilletterie Coprosolutions\u00a0\u00bb align=\u00a0\u00bbcenter\u00a0\u00bb button_block=\u00a0\u00bbtrue\u00a0\u00bb link=\u00a0\u00bburl:https%3A%2F%2Fbilletterie.viving.fr%2Fvbr26%2Finscriptionvisiteurscoprosolutions-203%2Fcutfuy\u00a0\u00bb el_class=\u00a0\u00bbarx_bouton\u00a0\u00bb][\/vc_column_inner][\/vc_row_inner][vc_empty_space height=\u00a0\u00bb60px\u00a0\u00bb el_class=\u00a0\u00bbhide_on_mobile\u00a0\u00bb][vc_column_text]Les &hellip; Continuer la lecture de &laquo;&nbsp;Billetterie&nbsp;&raquo;\" \/>\n<meta property=\"og:url\" content=\"https:\/\/www.viving.fr\/brest\/billetterie\/\" \/>\n<meta property=\"og:site_name\" content=\"Viving Brest\" \/>\n<meta property=\"article:modified_time\" content=\"2026-01-16T09:49:05+00:00\" \/>\n<meta name=\"twitter:card\" content=\"summary_large_image\" \/>\n<meta name=\"twitter:label1\" content=\"Dur\u00e9e de lecture estim\u00e9e\" \/>\n\t<meta name=\"twitter:data1\" content=\"3 minutes\" \/>\n<script type=\"application\/ld+json\" class=\"yoast-schema-graph\">{\"@context\":\"https:\/\/schema.org\",\"@graph\":[{\"@type\":\"WebPage\",\"@id\":\"https:\/\/www.viving.fr\/brest\/billetterie\/\",\"url\":\"https:\/\/www.viving.fr\/brest\/billetterie\/\",\"name\":\"Viving Brest - Billetterie\",\"isPartOf\":{\"@id\":\"https:\/\/www.viving.fr\/brest\/#website\"},\"datePublished\":\"2022-06-02T14:52:30+00:00\",\"dateModified\":\"2026-01-16T09:49:05+00:00\",\"inLanguage\":\"fr-FR\",\"potentialAction\":[{\"@type\":\"ReadAction\",\"target\":[\"https:\/\/www.viving.fr\/brest\/billetterie\/\"]}]},{\"@type\":\"WebSite\",\"@id\":\"https:\/\/www.viving.fr\/brest\/#website\",\"url\":\"https:\/\/www.viving.fr\/brest\/\",\"name\":\"Viving Brest\",\"description\":\"S&#039;inspirer, Concr\u00e9tiser\",\"potentialAction\":[{\"@type\":\"SearchAction\",\"target\":{\"@type\":\"EntryPoint\",\"urlTemplate\":\"https:\/\/www.viving.fr\/brest\/?s={search_term_string}\"},\"query-input\":\"required name=search_term_string\"}],\"inLanguage\":\"fr-FR\"}]}<\/script>\n<!-- \/ Yoast SEO plugin. -->","yoast_head_json":{"title":"Viving Brest - Billetterie","robots":{"index":"index","follow":"follow","max-snippet":"max-snippet:-1","max-image-preview":"max-image-preview:large","max-video-preview":"max-video-preview:-1"},"canonical":"https:\/\/www.viving.fr\/brest\/billetterie\/","og_locale":"fr_FR","og_type":"article","og_title":"Viving Brest - Billetterie","og_description":"[vc_row full_width=\u00a0\u00bbstretch_row_content_no_spaces\u00a0\u00bb el_class=\u00a0\u00bbdesktop_padding_extra_large\u00a0\u00bb][vc_column][vc_empty_space height=\u00a0\u00bb60px\u00a0\u00bb el_class=\u00a0\u00bbhide_on_mobile\u00a0\u00bb][vc_empty_space height=\u00a0\u00bb40px\u00a0\u00bb el_class=\u00a0\u00bbon_mobile_only\u00a0\u00bb][vc_column_text el_class=\u00a0\u00bbtitre_trait\u00a0\u00bb] T\u00e9l\u00e9chargez vos entr\u00e9es ici [\/vc_column_text][vc_empty_space height=\u00a0\u00bb60px\u00a0\u00bb el_class=\u00a0\u00bbhide_on_mobile\u00a0\u00bb][vc_empty_space height=\u00a0\u00bb40px\u00a0\u00bb el_class=\u00a0\u00bbon_mobile_only\u00a0\u00bb][vc_row_inner gap=\u00a0\u00bb35&Prime;][vc_column_inner width=\u00a0\u00bb1\/2&Prime;][vc_single_image image=\u00a0\u00bb19025&Prime; img_size=\u00a0\u00bblarge\u00a0\u00bb alignment=\u00a0\u00bbcenter\u00a0\u00bb onclick=\u00a0\u00bbcustom_link\u00a0\u00bb link=\u00a0\u00bbhttps:\/\/billetterie.viving.fr\/vbr26\/inscriptionvisiteurs-2\/adtavr\u00a0\u00bb][vc_empty_space height=\u00a0\u00bb60px\u00a0\u00bb el_class=\u00a0\u00bbhide_on_mobile\u00a0\u00bb][vc_empty_space height=\u00a0\u00bb40px\u00a0\u00bb el_class=\u00a0\u00bbon_mobile_only\u00a0\u00bb][vc_btn title=\u00a0\u00bbBilletterie Viving Habitat &amp; Immobilier\u00a0\u00bb align=\u00a0\u00bbcenter\u00a0\u00bb button_block=\u00a0\u00bbtrue\u00a0\u00bb link=\u00a0\u00bburl:https%3A%2F%2Fbilletterie.viving.fr%2Fvbr26%2Finscriptionvisiteurs-2%2Fadtavr\u00a0\u00bb el_class=\u00a0\u00bbarx_bouton\u00a0\u00bb][\/vc_column_inner][vc_column_inner width=\u00a0\u00bb1\/2&Prime;][vc_single_image image=\u00a0\u00bb18886&Prime; img_size=\u00a0\u00bblarge\u00a0\u00bb alignment=\u00a0\u00bbcenter\u00a0\u00bb onclick=\u00a0\u00bbcustom_link\u00a0\u00bb link=\u00a0\u00bbhttps:\/\/billetterie.viving.fr\/vbr26\/inscriptionvisiteurscoprosolutions-203\/cutfuy\u00a0\u00bb][vc_empty_space height=\u00a0\u00bb60px\u00a0\u00bb el_class=\u00a0\u00bbhide_on_mobile\u00a0\u00bb][vc_empty_space height=\u00a0\u00bb40px\u00a0\u00bb el_class=\u00a0\u00bbon_mobile_only\u00a0\u00bb][vc_btn title=\u00a0\u00bbBilletterie Coprosolutions\u00a0\u00bb align=\u00a0\u00bbcenter\u00a0\u00bb button_block=\u00a0\u00bbtrue\u00a0\u00bb link=\u00a0\u00bburl:https%3A%2F%2Fbilletterie.viving.fr%2Fvbr26%2Finscriptionvisiteurscoprosolutions-203%2Fcutfuy\u00a0\u00bb el_class=\u00a0\u00bbarx_bouton\u00a0\u00bb][\/vc_column_inner][\/vc_row_inner][vc_empty_space height=\u00a0\u00bb60px\u00a0\u00bb el_class=\u00a0\u00bbhide_on_mobile\u00a0\u00bb][vc_column_text]Les &hellip; Continuer la lecture de &laquo;&nbsp;Billetterie&nbsp;&raquo;","og_url":"https:\/\/www.viving.fr\/brest\/billetterie\/","og_site_name":"Viving Brest","article_modified_time":"2026-01-16T09:49:05+00:00","twitter_card":"summary_large_image","twitter_misc":{"Dur\u00e9e de lecture estim\u00e9e":"3 minutes"},"schema":{"@context":"https:\/\/schema.org","@graph":[{"@type":"WebPage","@id":"https:\/\/www.viving.fr\/brest\/billetterie\/","url":"https:\/\/www.viving.fr\/brest\/billetterie\/","name":"Viving Brest - Billetterie","isPartOf":{"@id":"https:\/\/www.viving.fr\/brest\/#website"},"datePublished":"2022-06-02T14:52:30+00:00","dateModified":"2026-01-16T09:49:05+00:00","inLanguage":"fr-FR","potentialAction":[{"@type":"ReadAction","target":["https:\/\/www.viving.fr\/brest\/billetterie\/"]}]},{"@type":"WebSite","@id":"https:\/\/www.viving.fr\/brest\/#website","url":"https:\/\/www.viving.fr\/brest\/","name":"Viving Brest","description":"S&#039;inspirer, Concr\u00e9tiser","potentialAction":[{"@type":"SearchAction","target":{"@type":"EntryPoint","urlTemplate":"https:\/\/www.viving.fr\/brest\/?s={search_term_string}"},"query-input":"required name=search_term_string"}],"inLanguage":"fr-FR"}]}},"_links":{"self":[{"href":"https:\/\/www.viving.fr\/brest\/wp-json\/wp\/v2\/pages\/9694"}],"collection":[{"href":"https:\/\/www.viving.fr\/brest\/wp-json\/wp\/v2\/pages"}],"about":[{"href":"https:\/\/www.viving.fr\/brest\/wp-json\/wp\/v2\/types\/page"}],"author":[{"embeddable":true,"href":"https:\/\/www.viving.fr\/brest\/wp-json\/wp\/v2\/users\/14"}],"replies":[{"embeddable":true,"href":"https:\/\/www.viving.fr\/brest\/wp-json\/wp\/v2\/comments?post=9694"}],"version-history":[{"count":20,"href":"https:\/\/www.viving.fr\/brest\/wp-json\/wp\/v2\/pages\/9694\/revisions"}],"predecessor-version":[{"id":19026,"href":"https:\/\/www.viving.fr\/brest\/wp-json\/wp\/v2\/pages\/9694\/revisions\/19026"}],"wp:attachment":[{"href":"https:\/\/www.viving.fr\/brest\/wp-json\/wp\/v2\/media?parent=9694"}],"curies":[{"name":"wp","href":"https:\/\/api.w.org\/{rel}","templated":true}]}}