{"id":3655,"date":"2019-06-11T18:33:50","date_gmt":"2019-06-11T16:33:50","guid":{"rendered":"https:\/\/www.viving.fr\/brest\/?page_id=3655"},"modified":"2022-07-07T14:18:26","modified_gmt":"2022-07-07T12:18:26","slug":"une-question","status":"publish","type":"page","link":"https:\/\/www.viving.fr\/lannion\/une-question\/","title":{"rendered":"Une question ?"},"content":{"rendered":"<section class=\"wpb-content-wrapper\">[vc_row full_width=\u00a0\u00bbstretch_row_content_no_spaces\u00a0\u00bb el_class=\u00a0\u00bbdesktop_padding_extra_large\u00a0\u00bb css=\u00a0\u00bb.vc_custom_1561034680751{background-color: #eae8e9 !important;}\u00a0\u00bb][vc_column][vc_empty_space height=\u00a0\u00bb90px\u00a0\u00bb el_class=\u00a0\u00bbhide_on_mobile\u00a0\u00bb][vc_empty_space height=\u00a0\u00bb40px\u00a0\u00bb el_class=\u00a0\u00bbon_mobile_only\u00a0\u00bb]<div class='gambit_background_row hide_on_mobile lame_telephone_bg' style='background-repeat: no-repeat;background-position: left top;'><\/div><div class='gambit_background_row on_mobile_only bg_tel_rouge' style='background-repeat: no-repeat;background-position: left top;'><\/div>[vc_row_inner content_placement=\u00a0\u00bbmiddle\u00a0\u00bb][vc_column_inner el_class=\u00a0\u00bbpadding_left_contact infos_contact\u00a0\u00bb width=\u00a0\u00bb1\/2&Prime;][vc_column_text]<span style=\"font-size: 24px\"><strong>T\u00e9l.<\/strong><\/span><br \/>\n<a href=\"tel:0033299355060\"><span style=\"font-size: 24px\">02 99 35 50 60<\/span><\/a>[\/vc_column_text][vc_empty_space][vc_column_text]<span style=\"font-size: 24px\"><strong>Adresse.<\/strong><\/span><\/p>\n<p><span style=\"font-size: 24px\">GL events<\/span><br \/>\n<span style=\"font-size: 24px\">10, rue de la Janais<\/span><br \/>\n<span style=\"font-size: 24px\">ZA La Bourdonnais\u00a0<\/span><br \/>\n<span style=\"font-size: 24px\">35520 LA MEZIERE<\/span><\/p>\n<p><span style=\"font-size: 24px\">\u00a0<\/span>[\/vc_column_text][vc_empty_space][vc_column_text]<span style=\"font-size: 24px\"><strong>Email.<br \/>\n<\/strong><a href=\"mailto:contact@viving.fr\">contact@viving.fr<\/a><\/span>[\/vc_column_text][vc_empty_space height=\u00a0\u00bb40px\u00a0\u00bb el_class=\u00a0\u00bbon_mobile_only\u00a0\u00bb][vc_empty_space height=\u00a0\u00bb50px\u00a0\u00bb el_class=\u00a0\u00bbon_mobile_only\u00a0\u00bb][\/vc_column_inner][vc_column_inner el_class=\u00a0\u00bbform_submit_brest\u00a0\u00bb width=\u00a0\u00bb1\/2&Prime;][vc_column_text el_class=\u00a0\u00bbtitre_trait\u00a0\u00bb]\n<h1>Une question ? <strong>On vous r\u00e9pond !<\/strong><\/h1>\n[\/vc_column_text][vc_empty_space]<div class=\"wpcf7 no-js\" id=\"wpcf7-f4021-o1\" lang=\"fr-FR\" dir=\"ltr\">\n<div class=\"screen-reader-response\"><p role=\"status\" aria-live=\"polite\" aria-atomic=\"true\"><\/p> <ul><\/ul><\/div>\n<form action=\"\/lannion\/wp-json\/wp\/v2\/pages\/3655#wpcf7-f4021-o1\" method=\"post\" class=\"wpcf7-form init cf7mls-no-scroll cf7mls-no-moving-animation\" aria-label=\"Formulaire de contact\" novalidate=\"novalidate\" data-status=\"init\">\n<div style=\"display: none;\">\n<input type=\"hidden\" name=\"_wpcf7\" value=\"4021\" \/>\n<input type=\"hidden\" name=\"_wpcf7_version\" value=\"5.7.1\" \/>\n<input type=\"hidden\" name=\"_wpcf7_locale\" value=\"fr_FR\" \/>\n<input type=\"hidden\" name=\"_wpcf7_unit_tag\" value=\"wpcf7-f4021-o1\" \/>\n<input type=\"hidden\" name=\"_wpcf7_container_post\" value=\"0\" \/>\n<input type=\"hidden\" name=\"_wpcf7_posted_data_hash\" value=\"\" \/>\n<input type=\"hidden\" name=\"_wpcf7cf_hidden_group_fields\" value=\"[]\" \/>\n<input type=\"hidden\" name=\"_wpcf7cf_hidden_groups\" value=\"[]\" \/>\n<input type=\"hidden\" name=\"_wpcf7cf_visible_groups\" value=\"[]\" \/>\n<input type=\"hidden\" name=\"_wpcf7cf_repeaters\" value=\"[]\" \/>\n<input type=\"hidden\" name=\"_wpcf7cf_steps\" value=\"{}\" \/>\n<input type=\"hidden\" name=\"_wpcf7cf_options\" value=\"{&quot;form_id&quot;:4021,&quot;conditions&quot;:[],&quot;settings&quot;:{&quot;animation&quot;:&quot;yes&quot;,&quot;animation_intime&quot;:200,&quot;animation_outtime&quot;:200,&quot;conditions_ui&quot;:&quot;normal&quot;,&quot;notice_dismissed&quot;:false,&quot;notice_dismissed_update-cf7-5.4.1&quot;:true}}\" \/>\n<input type=\"hidden\" name=\"_wpcf7_recaptcha_response\" value=\"\" \/>\n<\/div>\n<div id=\"responsive-form\" class=\"clearfix\">\n\t<div class=\"form-row\">\n\t\t<div class=\"column-half\">\n\t\t\t<p><label><span class=\"wpcf7-form-control-wrap\" data-name=\"nom\"><input size=\"40\" class=\"wpcf7-form-control wpcf7-text wpcf7-validates-as-required\" aria-required=\"true\" aria-invalid=\"false\" placeholder=\"Nom*\" value=\"\" type=\"text\" name=\"nom\" \/><\/span><\/label>\n\t\t\t<\/p>\n\t\t<\/div>\n\t\t<div class=\"column-half\">\n\t\t\t<p><label><span class=\"wpcf7-form-control-wrap\" data-name=\"prenom\"><input size=\"40\" class=\"wpcf7-form-control wpcf7-text wpcf7-validates-as-required\" aria-required=\"true\" aria-invalid=\"false\" placeholder=\"Pr\u00e9nom*\" value=\"\" type=\"text\" name=\"prenom\" \/><\/span><\/label>\n\t\t\t<\/p>\n\t\t<\/div>\n\t<\/div>\n\t<div class=\"form-row\">\n\t\t<div class=\"column-half\">\n\t\t\t<p><label><span class=\"wpcf7-form-control-wrap\" data-name=\"email\"><input size=\"40\" class=\"wpcf7-form-control wpcf7-text wpcf7-email wpcf7-validates-as-required wpcf7-validates-as-email\" aria-required=\"true\" aria-invalid=\"false\" placeholder=\"Email*\" value=\"\" type=\"email\" name=\"email\" \/><\/span><\/label>\n\t\t\t<\/p>\n\t\t<\/div>\n\t\t<div class=\"column-half\">\n\t\t\t<p><label><span class=\"wpcf7-form-control-wrap\" data-name=\"telephone\"><input size=\"40\" class=\"wpcf7-form-control wpcf7-text wpcf7-tel wpcf7-validates-as-required wpcf7-validates-as-tel\" aria-required=\"true\" aria-invalid=\"false\" placeholder=\"T\u00e9l\u00e9phone*\" value=\"\" type=\"tel\" name=\"telephone\" \/><\/span><\/label>\n\t\t\t<\/p>\n\t\t<\/div>\n\t<\/div>\n\t<div class=\"form-row\">\n\t\t<div class=\"column-half\">\n\t\t\t<p><label><span class=\"wpcf7-form-control-wrap\" data-name=\"societe\"><input size=\"40\" class=\"wpcf7-form-control wpcf7-text\" aria-invalid=\"false\" placeholder=\"Soci\u00e9t\u00e9\" value=\"\" type=\"text\" name=\"societe\" \/><\/span><\/label>\n\t\t\t<\/p>\n\t\t<\/div>\n\t<\/div>\n\t<div class=\"form-row\">\n\t\t<div class=\"column-full\">\n\t\t\t<p><label><span class=\"wpcf7-form-control-wrap\" data-name=\"destination\"><select class=\"wpcf7-form-control wpcf7-select wpcf7-validates-as-required\" aria-required=\"true\" aria-invalid=\"false\" name=\"destination\"><option value=\"Je souhaite exposer \u00e0\">Je souhaite exposer \u00e0<\/option><option value=\"Brest\">Brest<\/option><option value=\"Lorient\">Lorient<\/option><option value=\"Quimper\">Quimper<\/option><option value=\"Rennes\">Rennes<\/option><option value=\"Saint-Malo\">Saint-Malo<\/option><option value=\"Vannes\">Vannes<\/option><option value=\"Lannion\">Lannion<\/option><\/select><\/span><\/label>\n\t\t\t<\/p>\n\t\t<\/div>\n\t<\/div>\n\t<div class=\"form-row\">\n\t\t<div class=\"column-full \">\n\t\t\t<p><label><span class=\"wpcf7-form-control-wrap\" data-name=\"message\"><textarea cols=\"40\" rows=\"10\" class=\"wpcf7-form-control wpcf7-textarea\" aria-invalid=\"false\" placeholder=\"Message\" name=\"message\"><\/textarea><\/span><\/label>\n\t\t\t<\/p>\n\t\t<\/div>\n\t<\/div>\n\t<div class=\"form-row\">\n\t\t<div class=\"column-full \">\n\t\t\t<p><label style=\"font-size:12px !important;line-height:15px !important\"><span class=\"wpcf7-form-control-wrap\" data-name=\"politique_confidentialite\"><span class=\"wpcf7-form-control wpcf7-checkbox wpcf7-validates-as-required\"><span class=\"wpcf7-list-item first last\"><input type=\"checkbox\" name=\"politique_confidentialite[]\" value=\"J \u2019atteste avoir pris connaissance de la Politique de Confidentialit\u00e9 et des Conditions G\u00e9n\u00e9rales d\u2019Utilisation consultables en pied de page.\" tabindex=\"\" \/><span class=\"wpcf7-list-item-label\">J \u2019atteste avoir pris connaissance de la Politique de Confidentialit\u00e9 et des Conditions G\u00e9n\u00e9rales d\u2019Utilisation consultables en pied de page.<\/span><\/span><\/span><\/span><\/label>\n\t\t\t<\/p>\n\t\t<\/div>\n\t<\/div>\n\t<div class=\"form-row\" style=\"justify-content: flex-end\">\n\t\t<div class=\"column-half\" style=\"width:34%\">\n\t\t\t<p><input class=\"wpcf7-form-control has-spinner wpcf7-submit\" type=\"submit\" value=\"Nous contacter pour exposer\" \/>\n\t\t\t<\/p>\n\t\t<\/div>\n\t<\/div>\n\t<div class=\"form-row\">\n\t\t<div class=\"column-full \">\n\t\t\t<p><label style=\"font-size:12px !important;line-height:15px !important\">* champs obligatoires<\/label>\n\t\t\t<\/p>\n\t\t<\/div>\n\t<\/div>\n<\/div><!--end responsive-form--><div class=\"wpcf7-response-output\" aria-hidden=\"true\"><\/div><\/form><\/div>[\/vc_column_inner][\/vc_row_inner][vc_empty_space height=\u00a0\u00bb100px\u00a0\u00bb el_class=\u00a0\u00bbhide_on_mobile\u00a0\u00bb][vc_empty_space height=\u00a0\u00bb60px\u00a0\u00bb el_class=\u00a0\u00bbon_mobile_only\u00a0\u00bb][\/vc_column][\/vc_row]\n<\/section>","protected":false},"excerpt":{"rendered":"<p>[vc_row full_width=\u00a0\u00bbstretch_row_content_no_spaces\u00a0\u00bb el_class=\u00a0\u00bbdesktop_padding_extra_large\u00a0\u00bb css=\u00a0\u00bb.vc_custom_1561034680751{background-color: #eae8e9 !important;}\u00a0\u00bb][vc_column][vc_empty_space height=\u00a0\u00bb90px\u00a0\u00bb el_class=\u00a0\u00bbhide_on_mobile\u00a0\u00bb][vc_empty_space height=\u00a0\u00bb40px\u00a0\u00bb el_class=\u00a0\u00bbon_mobile_only\u00a0\u00bb][vc_row_inner content_placement=\u00a0\u00bbmiddle\u00a0\u00bb][vc_column_inner el_class=\u00a0\u00bbpadding_left_contact infos_contact\u00a0\u00bb width=\u00a0\u00bb1\/2&Prime;][vc_column_text]T\u00e9l. 02 99 35 50 60[\/vc_column_text][vc_empty_space][vc_column_text]Adresse. GL events 10, rue de la Janais ZA La Bourdonnais\u00a0 35520 LA MEZIERE \u00a0[\/vc_column_text][vc_empty_space][vc_column_text]Email. contact@viving.fr[\/vc_column_text][vc_empty_space height=\u00a0\u00bb40px\u00a0\u00bb el_class=\u00a0\u00bbon_mobile_only\u00a0\u00bb][vc_empty_space height=\u00a0\u00bb50px\u00a0\u00bb el_class=\u00a0\u00bbon_mobile_only\u00a0\u00bb][\/vc_column_inner][vc_column_inner el_class=\u00a0\u00bbform_submit_brest\u00a0\u00bb width=\u00a0\u00bb1\/2&Prime;][vc_column_text el_class=\u00a0\u00bbtitre_trait\u00a0\u00bb] Une question ? On vous r\u00e9pond ! [\/vc_column_text][vc_empty_space][\/vc_column_inner][\/vc_row_inner][vc_empty_space height=\u00a0\u00bb100px\u00a0\u00bb el_class=\u00a0\u00bbhide_on_mobile\u00a0\u00bb][vc_empty_space height=\u00a0\u00bb60px\u00a0\u00bb el_class=\u00a0\u00bbon_mobile_only\u00a0\u00bb][\/vc_column][\/vc_row]<\/p>\n","protected":false},"author":1,"featured_media":0,"parent":0,"menu_order":5,"comment_status":"closed","ping_status":"closed","template":"","meta":[],"yoast_head":"<!-- This site is optimized with the Yoast SEO plugin v19.13 - https:\/\/yoast.com\/wordpress\/plugins\/seo\/ -->\n<title>Une question ? - Viving Lannion<\/title>\n<meta name=\"robots\" content=\"index, follow, max-snippet:-1, max-image-preview:large, max-video-preview:-1\" \/>\n<link rel=\"canonical\" href=\"https:\/\/www.viving.fr\/lannion\/une-question\/\" \/>\n<meta property=\"og:locale\" content=\"fr_FR\" \/>\n<meta property=\"og:type\" content=\"article\" \/>\n<meta property=\"og:title\" content=\"Une question ? - Viving Lannion\" \/>\n<meta property=\"og:description\" content=\"[vc_row full_width=\u00a0\u00bbstretch_row_content_no_spaces\u00a0\u00bb el_class=\u00a0\u00bbdesktop_padding_extra_large\u00a0\u00bb css=\u00a0\u00bb.vc_custom_1561034680751{background-color: #eae8e9 !important;}\u00a0\u00bb][vc_column][vc_empty_space height=\u00a0\u00bb90px\u00a0\u00bb el_class=\u00a0\u00bbhide_on_mobile\u00a0\u00bb][vc_empty_space height=\u00a0\u00bb40px\u00a0\u00bb el_class=\u00a0\u00bbon_mobile_only\u00a0\u00bb][vc_row_inner content_placement=\u00a0\u00bbmiddle\u00a0\u00bb][vc_column_inner el_class=\u00a0\u00bbpadding_left_contact infos_contact\u00a0\u00bb width=\u00a0\u00bb1\/2&Prime;][vc_column_text]T\u00e9l. 02 99 35 50 60[\/vc_column_text][vc_empty_space][vc_column_text]Adresse. GL events 10, rue de la Janais ZA La Bourdonnais\u00a0 35520 LA MEZIERE \u00a0[\/vc_column_text][vc_empty_space][vc_column_text]Email. contact@viving.fr[\/vc_column_text][vc_empty_space height=\u00a0\u00bb40px\u00a0\u00bb el_class=\u00a0\u00bbon_mobile_only\u00a0\u00bb][vc_empty_space height=\u00a0\u00bb50px\u00a0\u00bb el_class=\u00a0\u00bbon_mobile_only\u00a0\u00bb][\/vc_column_inner][vc_column_inner el_class=\u00a0\u00bbform_submit_brest\u00a0\u00bb width=\u00a0\u00bb1\/2&Prime;][vc_column_text el_class=\u00a0\u00bbtitre_trait\u00a0\u00bb] Une question ? On vous r\u00e9pond ! [\/vc_column_text][vc_empty_space][\/vc_column_inner][\/vc_row_inner][vc_empty_space height=\u00a0\u00bb100px\u00a0\u00bb el_class=\u00a0\u00bbhide_on_mobile\u00a0\u00bb][vc_empty_space height=\u00a0\u00bb60px\u00a0\u00bb el_class=\u00a0\u00bbon_mobile_only\u00a0\u00bb][\/vc_column][\/vc_row]\" \/>\n<meta property=\"og:url\" content=\"https:\/\/www.viving.fr\/lannion\/une-question\/\" \/>\n<meta property=\"og:site_name\" content=\"Viving Lannion\" \/>\n<meta property=\"article:modified_time\" content=\"2022-07-07T12:18:26+00:00\" \/>\n<meta name=\"twitter:card\" content=\"summary_large_image\" \/>\n<meta name=\"twitter:label1\" content=\"Dur\u00e9e de lecture estim\u00e9e\" \/>\n\t<meta name=\"twitter:data1\" content=\"1 minute\" \/>\n<script type=\"application\/ld+json\" class=\"yoast-schema-graph\">{\"@context\":\"https:\/\/schema.org\",\"@graph\":[{\"@type\":\"WebPage\",\"@id\":\"https:\/\/www.viving.fr\/lannion\/une-question\/\",\"url\":\"https:\/\/www.viving.fr\/lannion\/une-question\/\",\"name\":\"Une question ? - Viving Lannion\",\"isPartOf\":{\"@id\":\"https:\/\/www.viving.fr\/lannion\/#website\"},\"datePublished\":\"2019-06-11T16:33:50+00:00\",\"dateModified\":\"2022-07-07T12:18:26+00:00\",\"inLanguage\":\"fr-FR\",\"potentialAction\":[{\"@type\":\"ReadAction\",\"target\":[\"https:\/\/www.viving.fr\/lannion\/une-question\/\"]}]},{\"@type\":\"WebSite\",\"@id\":\"https:\/\/www.viving.fr\/lannion\/#website\",\"url\":\"https:\/\/www.viving.fr\/lannion\/\",\"name\":\"Viving Lannion\",\"description\":\"S&#039;inspirer, Concr\u00e9tiser\",\"potentialAction\":[{\"@type\":\"SearchAction\",\"target\":{\"@type\":\"EntryPoint\",\"urlTemplate\":\"https:\/\/www.viving.fr\/lannion\/?s={search_term_string}\"},\"query-input\":\"required name=search_term_string\"}],\"inLanguage\":\"fr-FR\"}]}<\/script>\n<!-- \/ Yoast SEO plugin. -->","yoast_head_json":{"title":"Une question ? - Viving Lannion","robots":{"index":"index","follow":"follow","max-snippet":"max-snippet:-1","max-image-preview":"max-image-preview:large","max-video-preview":"max-video-preview:-1"},"canonical":"https:\/\/www.viving.fr\/lannion\/une-question\/","og_locale":"fr_FR","og_type":"article","og_title":"Une question ? - Viving Lannion","og_description":"[vc_row full_width=\u00a0\u00bbstretch_row_content_no_spaces\u00a0\u00bb el_class=\u00a0\u00bbdesktop_padding_extra_large\u00a0\u00bb css=\u00a0\u00bb.vc_custom_1561034680751{background-color: #eae8e9 !important;}\u00a0\u00bb][vc_column][vc_empty_space height=\u00a0\u00bb90px\u00a0\u00bb el_class=\u00a0\u00bbhide_on_mobile\u00a0\u00bb][vc_empty_space height=\u00a0\u00bb40px\u00a0\u00bb el_class=\u00a0\u00bbon_mobile_only\u00a0\u00bb][vc_row_inner content_placement=\u00a0\u00bbmiddle\u00a0\u00bb][vc_column_inner el_class=\u00a0\u00bbpadding_left_contact infos_contact\u00a0\u00bb width=\u00a0\u00bb1\/2&Prime;][vc_column_text]T\u00e9l. 02 99 35 50 60[\/vc_column_text][vc_empty_space][vc_column_text]Adresse. GL events 10, rue de la Janais ZA La Bourdonnais\u00a0 35520 LA MEZIERE \u00a0[\/vc_column_text][vc_empty_space][vc_column_text]Email. contact@viving.fr[\/vc_column_text][vc_empty_space height=\u00a0\u00bb40px\u00a0\u00bb el_class=\u00a0\u00bbon_mobile_only\u00a0\u00bb][vc_empty_space height=\u00a0\u00bb50px\u00a0\u00bb el_class=\u00a0\u00bbon_mobile_only\u00a0\u00bb][\/vc_column_inner][vc_column_inner el_class=\u00a0\u00bbform_submit_brest\u00a0\u00bb width=\u00a0\u00bb1\/2&Prime;][vc_column_text el_class=\u00a0\u00bbtitre_trait\u00a0\u00bb] Une question ? On vous r\u00e9pond ! [\/vc_column_text][vc_empty_space][\/vc_column_inner][\/vc_row_inner][vc_empty_space height=\u00a0\u00bb100px\u00a0\u00bb el_class=\u00a0\u00bbhide_on_mobile\u00a0\u00bb][vc_empty_space height=\u00a0\u00bb60px\u00a0\u00bb el_class=\u00a0\u00bbon_mobile_only\u00a0\u00bb][\/vc_column][\/vc_row]","og_url":"https:\/\/www.viving.fr\/lannion\/une-question\/","og_site_name":"Viving Lannion","article_modified_time":"2022-07-07T12:18:26+00:00","twitter_card":"summary_large_image","twitter_misc":{"Dur\u00e9e de lecture estim\u00e9e":"1 minute"},"schema":{"@context":"https:\/\/schema.org","@graph":[{"@type":"WebPage","@id":"https:\/\/www.viving.fr\/lannion\/une-question\/","url":"https:\/\/www.viving.fr\/lannion\/une-question\/","name":"Une question ? - Viving Lannion","isPartOf":{"@id":"https:\/\/www.viving.fr\/lannion\/#website"},"datePublished":"2019-06-11T16:33:50+00:00","dateModified":"2022-07-07T12:18:26+00:00","inLanguage":"fr-FR","potentialAction":[{"@type":"ReadAction","target":["https:\/\/www.viving.fr\/lannion\/une-question\/"]}]},{"@type":"WebSite","@id":"https:\/\/www.viving.fr\/lannion\/#website","url":"https:\/\/www.viving.fr\/lannion\/","name":"Viving Lannion","description":"S&#039;inspirer, Concr\u00e9tiser","potentialAction":[{"@type":"SearchAction","target":{"@type":"EntryPoint","urlTemplate":"https:\/\/www.viving.fr\/lannion\/?s={search_term_string}"},"query-input":"required name=search_term_string"}],"inLanguage":"fr-FR"}]}},"_links":{"self":[{"href":"https:\/\/www.viving.fr\/lannion\/wp-json\/wp\/v2\/pages\/3655"}],"collection":[{"href":"https:\/\/www.viving.fr\/lannion\/wp-json\/wp\/v2\/pages"}],"about":[{"href":"https:\/\/www.viving.fr\/lannion\/wp-json\/wp\/v2\/types\/page"}],"author":[{"embeddable":true,"href":"https:\/\/www.viving.fr\/lannion\/wp-json\/wp\/v2\/users\/1"}],"replies":[{"embeddable":true,"href":"https:\/\/www.viving.fr\/lannion\/wp-json\/wp\/v2\/comments?post=3655"}],"version-history":[{"count":55,"href":"https:\/\/www.viving.fr\/lannion\/wp-json\/wp\/v2\/pages\/3655\/revisions"}],"predecessor-version":[{"id":9822,"href":"https:\/\/www.viving.fr\/lannion\/wp-json\/wp\/v2\/pages\/3655\/revisions\/9822"}],"wp:attachment":[{"href":"https:\/\/www.viving.fr\/lannion\/wp-json\/wp\/v2\/media?parent=3655"}],"curies":[{"name":"wp","href":"https:\/\/api.w.org\/{rel}","templated":true}]}}