{"id":7247,"date":"2024-12-09T15:17:15","date_gmt":"2024-12-09T14:17:15","guid":{"rendered":"https:\/\/www.viving.fr\/lorient\/?page_id=7247"},"modified":"2025-11-25T17:21:23","modified_gmt":"2025-11-25T16:21:23","slug":"profil-carole-heron","status":"publish","type":"page","link":"https:\/\/www.viving.fr\/lorient\/animations\/profil-carole-heron\/","title":{"rendered":"Profil Carole H\u00e9ron"},"content":{"rendered":"<section class=\"wpb-content-wrapper\">[vc_row el_class=\u00a0\u00bbdesktop_padding_extra_large\u00a0\u00bb][vc_column][vc_empty_space height=\u00a0\u00bb90px\u00a0\u00bb][vc_row_inner equal_height=\u00a0\u00bbyes\u00a0\u00bb][vc_column_inner width=\u00a0\u00bb1\/4&Prime; css=\u00a0\u00bb.vc_custom_1562755849630{border-right-width: 2px !important;border-right-color: #276685 !important;border-right-style: solid !important;}\u00a0\u00bb][vc_single_image image=\u00a0\u00bb7248&Prime; img_size=\u00a0\u00bb400&Prime; alignment=\u00a0\u00bbright\u00a0\u00bb][vc_empty_space height=\u00a0\u00bb10px\u00a0\u00bb][\/vc_column_inner][vc_column_inner width=\u00a0\u00bb3\/4&Prime; offset=\u00a0\u00bbvc_col-xs-12&Prime; css=\u00a0\u00bb.vc_custom_1560937452421{padding-left: 25px !important;}\u00a0\u00bb][vc_column_text]\n<h2>Carole Heron &#8211; Le Nid de Carole<\/h2>\n[\/vc_column_text][vc_empty_space height=\u00a0\u00bb20px\u00a0\u00bb][vc_column_text]<em>D\u00e9coratrice d\u2019int\u00e9rieur<\/em><\/p>\n<p>D\u00e9coratrice d\u2019int\u00e9rieur bas\u00e9e dans le Morbihan, je vous invite \u00e0 d\u00e9couvrir\u00a0<em>Le Nid de Carole<\/em>, une entreprise o\u00f9 cr\u00e9ativit\u00e9 et expertise se rencontrent pour sublimer vos espaces.<\/p>\n<p>Sp\u00e9cialis\u00e9e dans le <strong>conseil en d\u00e9coration \u00e0 domicile<\/strong> et les <strong>r\u00e9novations compl\u00e8tes<\/strong>, j\u2019accompagne <strong>particuliers et professionnels<\/strong> pour transformer leurs int\u00e9rieurs en lieux <strong>uniques, esth\u00e9tiques et fonctionnels<\/strong>.<\/p>\n<p>En collaboration avec mon compagnon, menuisier-agenceur,\u00a0je vous\u00a0propose \u00e9galement la <strong>conception de cuisines et de mobilier sur mesure<\/strong>, pens\u00e9s pour r\u00e9pondre parfaitement \u00e0 vos besoins.<\/p>\n<p>Que ce soit pour un projet de r\u00e9novation globale ou une simple touche d\u00e9co, je vous aide \u00e0 cr\u00e9er un int\u00e9rieur \u00e0 votre image, dans un esprit chaleureux et authentique.<\/p>\n<p>Besoin de conseils ? Je serai ravie de vous rencontrer et d\u2019\u00e9changer \u00e0 l\u2019occasion du Salon Viving Immobilier.[\/vc_column_text][vc_empty_space height=\u00a0\u00bb15px\u00a0\u00bb][\/vc_column_inner][\/vc_row_inner][vc_empty_space height=\u00a0\u00bb30px\u00a0\u00bb][vc_text_separator title=\u00a0\u00bbR\u00e9alisations\u00a0\u00bb][vc_empty_space height=\u00a0\u00bb30px\u00a0\u00bb][vc_row_inner][vc_column_inner width=\u00a0\u00bb1\/4&Prime;][vc_single_image image=\u00a0\u00bb7252&Prime; img_size=\u00a0\u00bb300&Prime;][\/vc_column_inner][vc_column_inner width=\u00a0\u00bb1\/4&Prime;][vc_single_image image=\u00a0\u00bb7249&Prime; img_size=\u00a0\u00bb300&Prime; alignment=\u00a0\u00bbcenter\u00a0\u00bb][\/vc_column_inner][vc_column_inner width=\u00a0\u00bb1\/4&Prime;][vc_single_image image=\u00a0\u00bb7250&Prime; img_size=\u00a0\u00bb300&Prime;][\/vc_column_inner][vc_column_inner width=\u00a0\u00bb1\/4&Prime;][vc_single_image image=\u00a0\u00bb7251&Prime; img_size=\u00a0\u00bb300&Prime;][\/vc_column_inner][\/vc_row_inner][vc_empty_space height=\u00a0\u00bb90px\u00a0\u00bb][\/vc_column][\/vc_row][vc_row][vc_column][vc_column_text]\n<h2><span style=\"color: #333333; font-size: 1rem;\">[\/vc_column_text][\/vc_column][\/vc_row][vc_row el_class=\u00a0\u00bbhide_on_mobile\u00a0\u00bb][vc_column width=\u00a0\u00bb1\/2&Prime; css=\u00a0\u00bb.vc_custom_1561477036635{background-image: url(https:\/\/www.viving.fr\/lorient\/wp-content\/uploads\/sites\/6\/2019\/06\/2018-10-18-Viving-Lyon-GL-EVENTS-WEB-014.jpg?id=4245) !important;}\u00a0\u00bb]<div class=\"container-17739113255d0a062c4005ad09fd7336d70 ss-element gusta-container gusta-absolute-middle-center gusta-cover-column box_shadow hide_on_mobile\">[vc_column_text]<strong><span style=\"font-size: 36px;\">Professionnels de l&rsquo;habitat ?<\/span><\/strong><br \/>\n<span style=\"font-size: 36px;\">Participez sans plus attendre !<\/span>[\/vc_column_text][vc_empty_space height=\u00a0\u00bb75px\u00a0\u00bb][vc_btn title=\u00a0\u00bbExposez sur Viving !\u00a0\u00bb style=\u00a0\u00bbclassic\u00a0\u00bb align=\u00a0\u00bbcenter\u00a0\u00bb button_block=\u00a0\u00bbtrue\u00a0\u00bb link=\u00a0\u00bburl:%2Florient%2Fexposer%2F|||\u00a0\u00bb]<\/div>[vc_empty_space height=\u00a0\u00bb550px\u00a0\u00bb el_class=\u00a0\u00bbhide_on_mobile\u00a0\u00bb][\/vc_column][\/vc_row][vc_row full_width=\u00a0\u00bbstretch_row_content_no_spaces\u00a0\u00bb el_class=\u00a0\u00bbon_mobile_only\u00a0\u00bb][vc_column width=\u00a0\u00bb1\/2&Prime; css=\u00a0\u00bb.vc_custom_1561477319807{background-image: url(https:\/\/www.viving.fr\/lorient\/wp-content\/uploads\/sites\/6\/2019\/06\/bench-chair-comfort-1166406mob.jpg?id=4260) !important;}\u00a0\u00bb]<div class=\"container-12068573525d09fd98c8876d09fd7336d70 ss-element gusta-container gusta-absolute-middle-center gusta-cover-column box_shadow on_mobile_only\">[vc_column_text el_class=\u00a0\u00bbbloc_dark\u00a0\u00bb]<span style=\"font-size: 20px;\"><strong>Visiteurs ?<br \/>\n<\/strong>Participez sans plus attendre !<\/span>[\/vc_column_text][vc_empty_space height=\u00a0\u00bb35px\u00a0\u00bb][vc_btn title=\u00a0\u00bbVisitez le salon\u00a0\u00bb style=\u00a0\u00bbclassic\u00a0\u00bb align=\u00a0\u00bbcenter\u00a0\u00bb button_block=\u00a0\u00bbtrue\u00a0\u00bb link=\u00a0\u00bburl:https%3A%2F%2Fyurplan.com%2Fevent%2FSalon-Habitat-Immo-VIVING-de-Lorient-2020%2F50971|title:BIlletterie|target:%20_blank|\u00a0\u00bb el_class=\u00a0\u00bbbouton3&Prime;]<\/div>[vc_empty_space height=\u00a0\u00bb350px\u00a0\u00bb el_class=\u00a0\u00bbon_mobile_only\u00a0\u00bb][\/vc_column][vc_column width=\u00a0\u00bb1\/2&Prime; css=\u00a0\u00bb.vc_custom_1561477330736{background-image: url(https:\/\/www.viving.fr\/lorient\/wp-content\/uploads\/sites\/6\/2019\/06\/2018-10-18-Viving-Lyon-GL-EVENTS-WEB-014mob.jpg?id=4258) !important;}\u00a0\u00bb]<div class=\"container-9920186625d09fd7336d70 ss-element gusta-container gusta-absolute-middle-center gusta-cover-column box_shadow on_mobile_only\">[vc_column_text]<span style=\"font-size: 20px;\"><strong>Professionnels de l&rsquo;habitat ?<\/strong><\/span><br \/>\n<span style=\"font-size: 20px;\">Participez sans plus attendre !<\/span>[\/vc_column_text][vc_empty_space height=\u00a0\u00bb35px\u00a0\u00bb][vc_btn title=\u00a0\u00bbExposez sur Viving !\u00a0\u00bb style=\u00a0\u00bbclassic\u00a0\u00bb align=\u00a0\u00bbcenter\u00a0\u00bb button_block=\u00a0\u00bbtrue\u00a0\u00bb link=\u00a0\u00bburl:%2Florient%2Fexposer%2F|||\u00a0\u00bb]<\/div>[vc_empty_space height=\u00a0\u00bb400px\u00a0\u00bb el_class=\u00a0\u00bbon_mobile_only\u00a0\u00bb][\/vc_column][\/vc_row] <\/span><\/h2>\n<\/section>","protected":false},"excerpt":{"rendered":"<p>[vc_row el_class=\u00a0\u00bbdesktop_padding_extra_large\u00a0\u00bb][vc_column][vc_empty_space height=\u00a0\u00bb90px\u00a0\u00bb][vc_row_inner equal_height=\u00a0\u00bbyes\u00a0\u00bb][vc_column_inner width=\u00a0\u00bb1\/4&Prime; css=\u00a0\u00bb.vc_custom_1562755849630{border-right-width: 2px !important;border-right-color: #276685 !important;border-right-style: solid !important;}\u00a0\u00bb][vc_single_image image=\u00a0\u00bb7248&Prime; img_size=\u00a0\u00bb400&Prime; alignment=\u00a0\u00bbright\u00a0\u00bb][vc_empty_space height=\u00a0\u00bb10px\u00a0\u00bb][\/vc_column_inner][vc_column_inner width=\u00a0\u00bb3\/4&Prime; offset=\u00a0\u00bbvc_col-xs-12&Prime; css=\u00a0\u00bb.vc_custom_1560937452421{padding-left: 25px !important;}\u00a0\u00bb][vc_column_text] Carole Heron &#8211; Le Nid de Carole [\/vc_column_text][vc_empty_space height=\u00a0\u00bb20px\u00a0\u00bb][vc_column_text]D\u00e9coratrice d\u2019int\u00e9rieur D\u00e9coratrice d\u2019int\u00e9rieur bas\u00e9e dans le Morbihan, je vous invite \u00e0 d\u00e9couvrir\u00a0Le Nid de Carole, une entreprise o\u00f9 cr\u00e9ativit\u00e9 et expertise se rencontrent pour sublimer &hellip; <\/p>\n<p class=\"link-more\"><a href=\"https:\/\/www.viving.fr\/lorient\/animations\/profil-carole-heron\/\" class=\"more-link\">Continuer la lecture<span class=\"screen-reader-text\"> de &laquo;&nbsp;Profil Carole H\u00e9ron&nbsp;&raquo;<\/span><\/a><\/p>\n","protected":false},"author":14,"featured_media":0,"parent":3651,"menu_order":0,"comment_status":"closed","ping_status":"closed","template":"","meta":[],"yoast_head":"<!-- This site is optimized with the Yoast SEO plugin v19.13 - https:\/\/yoast.com\/wordpress\/plugins\/seo\/ -->\n<title>Profil Carole H\u00e9ron - Viving Lorient<\/title>\n<meta name=\"robots\" content=\"index, follow, max-snippet:-1, max-image-preview:large, max-video-preview:-1\" \/>\n<link rel=\"canonical\" href=\"https:\/\/www.viving.fr\/lorient\/animations\/profil-carole-heron\/\" \/>\n<meta property=\"og:locale\" content=\"fr_FR\" \/>\n<meta property=\"og:type\" content=\"article\" \/>\n<meta property=\"og:title\" content=\"Profil Carole H\u00e9ron - Viving Lorient\" \/>\n<meta property=\"og:description\" content=\"[vc_row el_class=\u00a0\u00bbdesktop_padding_extra_large\u00a0\u00bb][vc_column][vc_empty_space height=\u00a0\u00bb90px\u00a0\u00bb][vc_row_inner equal_height=\u00a0\u00bbyes\u00a0\u00bb][vc_column_inner width=\u00a0\u00bb1\/4&Prime; css=\u00a0\u00bb.vc_custom_1562755849630{border-right-width: 2px !important;border-right-color: #276685 !important;border-right-style: solid !important;}\u00a0\u00bb][vc_single_image image=\u00a0\u00bb7248&Prime; img_size=\u00a0\u00bb400&Prime; alignment=\u00a0\u00bbright\u00a0\u00bb][vc_empty_space height=\u00a0\u00bb10px\u00a0\u00bb][\/vc_column_inner][vc_column_inner width=\u00a0\u00bb3\/4&Prime; offset=\u00a0\u00bbvc_col-xs-12&Prime; css=\u00a0\u00bb.vc_custom_1560937452421{padding-left: 25px !important;}\u00a0\u00bb][vc_column_text] Carole Heron &#8211; Le Nid de Carole [\/vc_column_text][vc_empty_space height=\u00a0\u00bb20px\u00a0\u00bb][vc_column_text]D\u00e9coratrice d\u2019int\u00e9rieur D\u00e9coratrice d\u2019int\u00e9rieur bas\u00e9e dans le Morbihan, je vous invite \u00e0 d\u00e9couvrir\u00a0Le Nid de Carole, une entreprise o\u00f9 cr\u00e9ativit\u00e9 et expertise se rencontrent pour sublimer &hellip; Continuer la lecture de &laquo;&nbsp;Profil Carole H\u00e9ron&nbsp;&raquo;\" \/>\n<meta property=\"og:url\" content=\"https:\/\/www.viving.fr\/lorient\/animations\/profil-carole-heron\/\" \/>\n<meta property=\"og:site_name\" content=\"Viving Lorient\" \/>\n<meta property=\"article:modified_time\" content=\"2025-11-25T16:21:23+00:00\" \/>\n<meta name=\"twitter:card\" content=\"summary_large_image\" \/>\n<meta name=\"twitter:label1\" content=\"Dur\u00e9e de lecture estim\u00e9e\" \/>\n\t<meta name=\"twitter:data1\" content=\"2 minutes\" \/>\n<script type=\"application\/ld+json\" class=\"yoast-schema-graph\">{\"@context\":\"https:\/\/schema.org\",\"@graph\":[{\"@type\":\"WebPage\",\"@id\":\"https:\/\/www.viving.fr\/lorient\/animations\/profil-carole-heron\/\",\"url\":\"https:\/\/www.viving.fr\/lorient\/animations\/profil-carole-heron\/\",\"name\":\"Profil Carole H\u00e9ron - Viving Lorient\",\"isPartOf\":{\"@id\":\"https:\/\/www.viving.fr\/lorient\/#website\"},\"datePublished\":\"2024-12-09T14:17:15+00:00\",\"dateModified\":\"2025-11-25T16:21:23+00:00\",\"breadcrumb\":{\"@id\":\"https:\/\/www.viving.fr\/lorient\/animations\/profil-carole-heron\/#breadcrumb\"},\"inLanguage\":\"fr-FR\",\"potentialAction\":[{\"@type\":\"ReadAction\",\"target\":[\"https:\/\/www.viving.fr\/lorient\/animations\/profil-carole-heron\/\"]}]},{\"@type\":\"BreadcrumbList\",\"@id\":\"https:\/\/www.viving.fr\/lorient\/animations\/profil-carole-heron\/#breadcrumb\",\"itemListElement\":[{\"@type\":\"ListItem\",\"position\":1,\"name\":\"Espaces VIVING\",\"item\":\"https:\/\/www.viving.fr\/lorient\/animations\/\"},{\"@type\":\"ListItem\",\"position\":2,\"name\":\"Profil Carole H\u00e9ron\"}]},{\"@type\":\"WebSite\",\"@id\":\"https:\/\/www.viving.fr\/lorient\/#website\",\"url\":\"https:\/\/www.viving.fr\/lorient\/\",\"name\":\"Viving Lorient\",\"description\":\"S&#039;inspirer, Concr\u00e9tiser\",\"potentialAction\":[{\"@type\":\"SearchAction\",\"target\":{\"@type\":\"EntryPoint\",\"urlTemplate\":\"https:\/\/www.viving.fr\/lorient\/?s={search_term_string}\"},\"query-input\":\"required name=search_term_string\"}],\"inLanguage\":\"fr-FR\"}]}<\/script>\n<!-- \/ Yoast SEO plugin. -->","yoast_head_json":{"title":"Profil Carole H\u00e9ron - Viving Lorient","robots":{"index":"index","follow":"follow","max-snippet":"max-snippet:-1","max-image-preview":"max-image-preview:large","max-video-preview":"max-video-preview:-1"},"canonical":"https:\/\/www.viving.fr\/lorient\/animations\/profil-carole-heron\/","og_locale":"fr_FR","og_type":"article","og_title":"Profil Carole H\u00e9ron - Viving Lorient","og_description":"[vc_row el_class=\u00a0\u00bbdesktop_padding_extra_large\u00a0\u00bb][vc_column][vc_empty_space height=\u00a0\u00bb90px\u00a0\u00bb][vc_row_inner equal_height=\u00a0\u00bbyes\u00a0\u00bb][vc_column_inner width=\u00a0\u00bb1\/4&Prime; css=\u00a0\u00bb.vc_custom_1562755849630{border-right-width: 2px !important;border-right-color: #276685 !important;border-right-style: solid !important;}\u00a0\u00bb][vc_single_image image=\u00a0\u00bb7248&Prime; img_size=\u00a0\u00bb400&Prime; alignment=\u00a0\u00bbright\u00a0\u00bb][vc_empty_space height=\u00a0\u00bb10px\u00a0\u00bb][\/vc_column_inner][vc_column_inner width=\u00a0\u00bb3\/4&Prime; offset=\u00a0\u00bbvc_col-xs-12&Prime; css=\u00a0\u00bb.vc_custom_1560937452421{padding-left: 25px !important;}\u00a0\u00bb][vc_column_text] Carole Heron &#8211; Le Nid de Carole [\/vc_column_text][vc_empty_space height=\u00a0\u00bb20px\u00a0\u00bb][vc_column_text]D\u00e9coratrice d\u2019int\u00e9rieur D\u00e9coratrice d\u2019int\u00e9rieur bas\u00e9e dans le Morbihan, je vous invite \u00e0 d\u00e9couvrir\u00a0Le Nid de Carole, une entreprise o\u00f9 cr\u00e9ativit\u00e9 et expertise se rencontrent pour sublimer &hellip; Continuer la lecture de &laquo;&nbsp;Profil Carole H\u00e9ron&nbsp;&raquo;","og_url":"https:\/\/www.viving.fr\/lorient\/animations\/profil-carole-heron\/","og_site_name":"Viving Lorient","article_modified_time":"2025-11-25T16:21:23+00:00","twitter_card":"summary_large_image","twitter_misc":{"Dur\u00e9e de lecture estim\u00e9e":"2 minutes"},"schema":{"@context":"https:\/\/schema.org","@graph":[{"@type":"WebPage","@id":"https:\/\/www.viving.fr\/lorient\/animations\/profil-carole-heron\/","url":"https:\/\/www.viving.fr\/lorient\/animations\/profil-carole-heron\/","name":"Profil Carole H\u00e9ron - Viving Lorient","isPartOf":{"@id":"https:\/\/www.viving.fr\/lorient\/#website"},"datePublished":"2024-12-09T14:17:15+00:00","dateModified":"2025-11-25T16:21:23+00:00","breadcrumb":{"@id":"https:\/\/www.viving.fr\/lorient\/animations\/profil-carole-heron\/#breadcrumb"},"inLanguage":"fr-FR","potentialAction":[{"@type":"ReadAction","target":["https:\/\/www.viving.fr\/lorient\/animations\/profil-carole-heron\/"]}]},{"@type":"BreadcrumbList","@id":"https:\/\/www.viving.fr\/lorient\/animations\/profil-carole-heron\/#breadcrumb","itemListElement":[{"@type":"ListItem","position":1,"name":"Espaces VIVING","item":"https:\/\/www.viving.fr\/lorient\/animations\/"},{"@type":"ListItem","position":2,"name":"Profil Carole H\u00e9ron"}]},{"@type":"WebSite","@id":"https:\/\/www.viving.fr\/lorient\/#website","url":"https:\/\/www.viving.fr\/lorient\/","name":"Viving Lorient","description":"S&#039;inspirer, Concr\u00e9tiser","potentialAction":[{"@type":"SearchAction","target":{"@type":"EntryPoint","urlTemplate":"https:\/\/www.viving.fr\/lorient\/?s={search_term_string}"},"query-input":"required name=search_term_string"}],"inLanguage":"fr-FR"}]}},"_links":{"self":[{"href":"https:\/\/www.viving.fr\/lorient\/wp-json\/wp\/v2\/pages\/7247"}],"collection":[{"href":"https:\/\/www.viving.fr\/lorient\/wp-json\/wp\/v2\/pages"}],"about":[{"href":"https:\/\/www.viving.fr\/lorient\/wp-json\/wp\/v2\/types\/page"}],"author":[{"embeddable":true,"href":"https:\/\/www.viving.fr\/lorient\/wp-json\/wp\/v2\/users\/14"}],"replies":[{"embeddable":true,"href":"https:\/\/www.viving.fr\/lorient\/wp-json\/wp\/v2\/comments?post=7247"}],"version-history":[{"count":3,"href":"https:\/\/www.viving.fr\/lorient\/wp-json\/wp\/v2\/pages\/7247\/revisions"}],"predecessor-version":[{"id":8550,"href":"https:\/\/www.viving.fr\/lorient\/wp-json\/wp\/v2\/pages\/7247\/revisions\/8550"}],"up":[{"embeddable":true,"href":"https:\/\/www.viving.fr\/lorient\/wp-json\/wp\/v2\/pages\/3651"}],"wp:attachment":[{"href":"https:\/\/www.viving.fr\/lorient\/wp-json\/wp\/v2\/media?parent=7247"}],"curies":[{"name":"wp","href":"https:\/\/api.w.org\/{rel}","templated":true}]}}