{"id":18761,"date":"2026-01-28T11:42:07","date_gmt":"2026-01-28T10:42:07","guid":{"rendered":"https:\/\/www.viving.fr\/marseille\/?page_id=18761"},"modified":"2026-03-30T15:47:10","modified_gmt":"2026-03-30T13:47:10","slug":"devenir-exposant","status":"publish","type":"page","link":"https:\/\/www.viving.fr\/marseille\/devenir-exposant\/","title":{"rendered":"Devenir Exposant"},"content":{"rendered":"<section class=\"wpb-content-wrapper\">[vc_row full_width=\u00a0\u00bbstretch_row_content_no_spaces\u00a0\u00bb el_class=\u00a0\u00bbdesktop_padding_extra_large\u00a0\u00bb][vc_column][vc_empty_space height=\u00a0\u00bb60px\u00a0\u00bb][vc_column_text el_class=\u00a0\u00bbtitre_trait\u00a0\u00bb]\n<h2>Exposer <strong>sur Viving<\/strong><\/h2>\n[\/vc_column_text][vc_empty_space height=\u00a0\u00bb60px\u00a0\u00bb el_class=\u00a0\u00bbon_mobile_only\u00a0\u00bb][vc_empty_space height=\u00a0\u00bb60px\u00a0\u00bb el_class=\u00a0\u00bbon_mobile_only\u00a0\u00bb][vc_empty_space height=\u00a0\u00bb40px\u00a0\u00bb el_class=\u00a0\u00bbon_mobile_only\u00a0\u00bb][vc_column_text]\n<p style=\"text-align: center\"><span style=\"font-size: 28px;color: #002350\"><br \/>\nVous souhaitez <strong>rejoindre l&rsquo;aventure Viving Marseille<\/strong> et <strong>exposer sur le Salon<\/strong> ?<br \/>\n<\/span><strong><span style=\"font-size: 28px;color: #002350\">Contactez notre \u00e9quipe d\u00e8s-maintenant !<\/span><\/strong><\/p>\n<p style=\"text-align: center\"><span style=\"font-size: 16px;color: #002350\">Rendez-vous cl\u00e9 du secteur de l&rsquo;immobilier et de l&rsquo;habitat, le Salon Viving est <strong>un facilitateur de rencontres<\/strong> pour tous les acteurs du secteur.<br \/>\n<span style=\"color: #23b49b\"><strong>Entreprises, collectivit\u00e9s territoriales ou particuliers,<\/strong><\/span> Viving est <strong>un \u00e9v\u00e9nement local, \u00e0 taille humaine<\/strong>, qui privil\u00e9gie l&rsquo;accompagnement et le dialogue au sein d&rsquo;un v\u00e9ritable climat de confiance.<strong><br \/>\n<\/strong><\/span><span style=\"font-size: 16px;color: #002350\">Le salon est <strong>un m\u00e9dia performant<\/strong>. Il vous permet d&rsquo;\u00eatre <strong>en contact direct avec un potentiel large de visiteurs, porteurs de projets, et ainsi dynamiser votre activit\u00e9.<\/strong><\/span><\/p>\n<p style=\"text-align: center\"><span style=\"font-size: 20px;color: #f39038\"><strong>\u00c0 votre tour de donner un coup de boost \u00e0 votre activit\u00e9 en rejoignant l&rsquo;aventure !<\/strong><\/span><\/p>\n[\/vc_column_text][vc_empty_space height=\u00a0\u00bb60px\u00a0\u00bb][\/vc_column][\/vc_row][vc_row][vc_column width=\u00a0\u00bb1\/3&Prime;][vc_empty_space height=\u00a0\u00bb100px\u00a0\u00bb][\/vc_column][vc_column width=\u00a0\u00bb1\/3&Prime;][vc_single_image image=\u00a0\u00bb18927&Prime; img_size=\u00a0\u00bbmedium\u00a0\u00bb alignment=\u00a0\u00bbcenter\u00a0\u00bb style=\u00a0\u00bbvc_box_rounded\u00a0\u00bb onclick=\u00a0\u00bbcustom_link\u00a0\u00bb img_link_target=\u00a0\u00bb_blank\u00a0\u00bb link=\u00a0\u00bbmailto:Ambre.ATALAYA@gl-marseilleevents.com\u00a0\u00bb][vc_empty_space height=\u00a0\u00bb15px\u00a0\u00bb][vc_column_text]\n<p style=\"text-align: center\"><span style=\"color: #002350\"><span style=\"font-size: 16px\"><strong>Marc BOFFREDO<br \/>\n<\/strong><\/span><span style=\"font-size: 14px\">CHEF DE P\u00d4LE SALON B TO C<br \/>\n<span style=\"color: #23b49b\"><a style=\"color: #23b49b\" href=\"tel:06 20 53 92 67\">06 20 53 92 67<\/a> &#8211;<a style=\"color: #23b49b\" href=\"mailto:Marc.BOFFREDO@gl-marseilleevents.com\"><span style=\"text-decoration: underline\"> Envoyer un mail<\/span><\/a><\/span><\/span><\/span><\/p>\n[\/vc_column_text][vc_empty_space height=\u00a0\u00bb100px\u00a0\u00bb][\/vc_column][vc_column width=\u00a0\u00bb1\/3&Prime;][vc_empty_space height=\u00a0\u00bb100px\u00a0\u00bb][\/vc_column][\/vc_row][vc_row][vc_column width=\u00a0\u00bb1\/4&Prime;][vc_empty_space height=\u00a0\u00bb100px\u00a0\u00bb][\/vc_column][vc_column width=\u00a0\u00bb1\/4&Prime;][vc_single_image image=\u00a0\u00bb18848&Prime; img_size=\u00a0\u00bbmedium\u00a0\u00bb alignment=\u00a0\u00bbcenter\u00a0\u00bb style=\u00a0\u00bbvc_box_rounded\u00a0\u00bb onclick=\u00a0\u00bbcustom_link\u00a0\u00bb img_link_target=\u00a0\u00bb_blank\u00a0\u00bb link=\u00a0\u00bbmailto:Ambre.ATALAYA@gl-marseilleevents.com\u00a0\u00bb][vc_empty_space height=\u00a0\u00bb15px\u00a0\u00bb][vc_column_text]\n<p style=\"text-align: center\"><span style=\"color: #002350\"><span style=\"font-size: 16px\"><strong>Ambre ATALAYA<br \/>\n<\/strong><\/span><span style=\"font-size: 14px\">COMMERCIALE &#8211; HABITAT R\u00c9NOVATION<br \/>\n<span style=\"color: #23b49b\"><a style=\"color: #23b49b\" href=\"tel:06 18 59 17 04\">06 18 59 17 04<\/a> &#8211; <span style=\"text-decoration: underline\"><a style=\"color: #23b49b;text-decoration: underline\" href=\"mailto:Ambre.ATALAYA@gl-marseilleevents.com\">Envoyer un mail<\/a><\/span><\/span><\/span><\/span><\/p>\n[\/vc_column_text][\/vc_column][vc_column width=\u00a0\u00bb1\/4&Prime;][vc_single_image image=\u00a0\u00bb18849&Prime; img_size=\u00a0\u00bbmedium\u00a0\u00bb alignment=\u00a0\u00bbcenter\u00a0\u00bb style=\u00a0\u00bbvc_box_rounded\u00a0\u00bb onclick=\u00a0\u00bbcustom_link\u00a0\u00bb img_link_target=\u00a0\u00bb_blank\u00a0\u00bb link=\u00a0\u00bbmailto:Marianne.BOUFFARD@gl-marseilleevents.com\u00a0\u00bb][vc_empty_space height=\u00a0\u00bb15px\u00a0\u00bb][vc_column_text]\n<p style=\"text-align: center\"><span style=\"color: #002350\"><span style=\"font-size: 14px\"><b>Anthony MASTEAU<br \/>\n<\/b><\/span><\/span><span style=\"color: #002350\"><span style=\"font-size: 14px\">COMMERCIAL &#8211; IMMOBILIER<br \/>\n<\/span><\/span><span style=\"color: #23b49b\"><span style=\"font-size: 14px\"><a style=\"color: #23b49b\" href=\"tel:\u00a006 30 25 95 46\">06 30 25 95 46<\/a> &#8211; <\/span><span style=\"font-size: 14px\"><a style=\"color: #23b49b\" href=\"mailto:anthony.masteau@gl-events.com\"><span style=\"text-decoration: underline\">Envoyer un mail<\/span><\/a><\/span><\/span><\/p>\n[\/vc_column_text][\/vc_column][vc_column width=\u00a0\u00bb1\/4&Prime;][\/vc_column][\/vc_row][vc_row full_width=\u00a0\u00bbstretch_row_content_no_spaces\u00a0\u00bb el_class=\u00a0\u00bbdesktop_padding_extra_large\u00a0\u00bb][vc_column][vc_empty_space height=\u00a0\u00bb60px\u00a0\u00bb][vc_empty_space height=\u00a0\u00bb60px\u00a0\u00bb][vc_empty_space height=\u00a0\u00bb60px\u00a0\u00bb el_class=\u00a0\u00bbon_mobile_only\u00a0\u00bb][vc_column_text el_class=\u00a0\u00bbtitre_trait\u00a0\u00bb]\n<h2>Pourquoi exposer <strong>sur Viving<\/strong><\/h2>\n[\/vc_column_text][vc_empty_space height=\u00a0\u00bb40px\u00a0\u00bb el_class=\u00a0\u00bbon_mobile_only\u00a0\u00bb][vc_empty_space height=\u00a0\u00bb60px\u00a0\u00bb][\/vc_column][\/vc_row][vc_row][vc_column width=\u00a0\u00bb1\/5&Prime;][vc_empty_space][\/vc_column][vc_column width=\u00a0\u00bb1\/5&Prime;][vc_hoverbox image=\u00a0\u00bb18767&Prime; primary_title=\u00a0\u00bbRencontrer une client\u00e8le qualifi\u00e9e\u00a0\u00bb hover_title=\u00a0\u00bb\u00a0\u00bb hover_background_color=\u00a0\u00bbcustom\u00a0\u00bb el_width=\u00a0\u00bb80&Prime; hover_custom_background=\u00a0\u00bb#002350&Prime;]\n<p style=\"text-align: center\"><span style=\"color: #ffffff\"><strong>Fid\u00e9lisez votre client\u00e8le<\/strong> existante et <strong>rencontrez des prospects<\/strong> sur votre zone de chalandise.<\/span><\/p>\n[\/vc_hoverbox][\/vc_column][vc_column width=\u00a0\u00bb1\/5&Prime;][vc_hoverbox image=\u00a0\u00bb18770&Prime; primary_title=\u00a0\u00bbD\u00e9velopper votre chiffre d&rsquo;affaire\u00a0\u00bb hover_title=\u00a0\u00bb\u00a0\u00bb hover_background_color=\u00a0\u00bbcustom\u00a0\u00bb el_width=\u00a0\u00bb80&Prime; hover_custom_background=\u00a0\u00bb#002350&Prime;]\n<p style=\"text-align: center\"><span style=\"color: #ffffff\">Viving est un endroit id\u00e9al pour <strong>fixer des rendez-vous<\/strong>, <strong>prendre des commandes<\/strong> et <strong>obtenir un retour sur investissement mesurable.<\/strong><\/span><\/p>\n[\/vc_hoverbox][\/vc_column][vc_column width=\u00a0\u00bb1\/5&Prime;][vc_hoverbox image=\u00a0\u00bb18769&Prime; primary_title=\u00a0\u00bbValoriser votre offre commerciale\u00a0\u00bb hover_title=\u00a0\u00bb\u00a0\u00bb hover_background_color=\u00a0\u00bbcustom\u00a0\u00bb el_width=\u00a0\u00bb80&Prime; hover_custom_background=\u00a0\u00bb#002350&Prime;]\n<p style=\"text-align: center\"><span style=\"color: #ffffff\"><strong>Mettez en valeur vos produits et\/ou services<\/strong> en avant-premi\u00e8re pour <strong>donner de l&rsquo;exclusivit\u00e9 \u00e0 vos potentiels futurs clients.<\/strong><\/span><\/p>\n[\/vc_hoverbox][\/vc_column][vc_column width=\u00a0\u00bb1\/5&Prime;][vc_empty_space][\/vc_column][\/vc_row][vc_row][vc_column][vc_empty_space height=\u00a0\u00bb60px\u00a0\u00bb][\/vc_column][\/vc_row][vc_row][vc_column width=\u00a0\u00bb1\/5&Prime;][vc_empty_space][\/vc_column][vc_column width=\u00a0\u00bb1\/5&Prime;][vc_hoverbox image=\u00a0\u00bb18770&Prime; primary_title=\u00a0\u00bbCr\u00e9er un r\u00e9seau\u00a0\u00bb hover_title=\u00a0\u00bb\u00a0\u00bb hover_background_color=\u00a0\u00bbcustom\u00a0\u00bb el_width=\u00a0\u00bb80&Prime; hover_custom_background=\u00a0\u00bb#002350&Prime;]\n<p style=\"text-align: center\"><span style=\"color: #ffffff\"><strong>Rencontrez d&rsquo;autres exposants<\/strong> et <strong>\u00e9changez sur les dynamiques li\u00e9es \u00e0 votre secteur d&rsquo;activit\u00e9.\u00a0<\/strong><\/span><\/p>\n[\/vc_hoverbox][\/vc_column][vc_column width=\u00a0\u00bb1\/5&Prime;][vc_hoverbox image=\u00a0\u00bb18769&Prime; primary_title=\u00a0\u00bbD\u00e9velopper votre notori\u00e9t\u00e9\u00a0\u00bb hover_title=\u00a0\u00bb\u00a0\u00bb hover_background_color=\u00a0\u00bbcustom\u00a0\u00bb el_width=\u00a0\u00bb80&Prime; hover_custom_background=\u00a0\u00bb#002350&Prime;]\n<p style=\"text-align: center\"><span style=\"color: #ffffff\"><strong>Renforcez votre visibilit\u00e9 sur le territoire<\/strong>,<strong> valorisez votre image de marque<\/strong> et<strong> d\u00e9marquez-vous de la concurrence.<\/strong> Profitez \u00e9galement de la couverture m\u00e9diatique du salon.<\/span><\/p>\n[\/vc_hoverbox][\/vc_column][vc_column width=\u00a0\u00bb1\/5&Prime;][vc_hoverbox image=\u00a0\u00bb18767&Prime; primary_title=\u00a0\u00bbF\u00e9d\u00e9rer vos \u00e9quipes\u00a0\u00bb hover_title=\u00a0\u00bb\u00a0\u00bb hover_background_color=\u00a0\u00bbcustom\u00a0\u00bb el_width=\u00a0\u00bb80&Prime; hover_custom_background=\u00a0\u00bb#002350&Prime;]\n<p style=\"text-align: center\"><span style=\"color: #ffffff\">Profitez de cet \u00e9v\u00e9nement pour<strong> renforcer votre coh\u00e9sion d&rsquo;\u00e9quipe<\/strong> et <strong>organiser des challenges communs.<\/strong><\/span><\/p>\n[\/vc_hoverbox][\/vc_column][vc_column width=\u00a0\u00bb1\/5&Prime;][vc_empty_space][\/vc_column][\/vc_row][vc_row full_width=\u00a0\u00bbstretch_row_content_no_spaces\u00a0\u00bb el_class=\u00a0\u00bbdesktop_padding_extra_large\u00a0\u00bb][vc_column][vc_empty_space height=\u00a0\u00bb60px\u00a0\u00bb][vc_empty_space height=\u00a0\u00bb60px\u00a0\u00bb][vc_empty_space height=\u00a0\u00bb60px\u00a0\u00bb el_class=\u00a0\u00bbon_mobile_only\u00a0\u00bb][vc_column_text el_class=\u00a0\u00bbtitre_trait\u00a0\u00bb]\n<h2>Demande <strong>de participation<\/strong><\/h2>\n[\/vc_column_text][vc_empty_space height=\u00a0\u00bb40px\u00a0\u00bb el_class=\u00a0\u00bbon_mobile_only\u00a0\u00bb][vc_empty_space height=\u00a0\u00bb60px\u00a0\u00bb][\/vc_column][\/vc_row][vc_row][vc_column][vc_column_text]\n<p style=\"text-align: center\"><span style=\"font-size: 28px;color: #002350\"><strong>Vous souhaitez rejoindre l&rsquo;aventure Viving ?\u00a0<\/strong><\/span><\/p>\n<p style=\"text-align: center\"><span style=\"color: #002350;font-size: 20px\">Merci de compl\u00e9ter <span style=\"color: #f39038\"><strong>votre demande de participation<\/strong><\/span> accessible ci-dessous :<\/span><\/p>\n[\/vc_column_text][vc_empty_space height=\u00a0\u00bb20px\u00a0\u00bb][vc_btn title=\u00a0\u00bbFaire ma demande de participation\u00a0\u00bb align=\u00a0\u00bbcenter\u00a0\u00bb button_block=\u00a0\u00bbtrue\u00a0\u00bb link=\u00a0\u00bburl:https%3A%2F%2Fwww.viving.fr%2Fmarseille%2Fwp-content%2Fuploads%2Fsites%2F18%2F2026%2F01%2FVIVING-2026-DP-OK.pdf|title:Faire%20ma%20demande%20de%20participation|target:_blank\u00a0\u00bb el_class=\u00a0\u00bbarx_bouton arx_bouton_projet_ville_lame\u00a0\u00bb][vc_empty_space height=\u00a0\u00bb40px\u00a0\u00bb][\/vc_column][\/vc_row][vc_row][vc_column][vc_empty_space][vc_single_image image=\u00a0\u00bb19282&Prime; img_size=\u00a0\u00bbfull\u00a0\u00bb alignment=\u00a0\u00bbcenter\u00a0\u00bb onclick=\u00a0\u00bbcustom_link\u00a0\u00bb link=\u00a0\u00bbhttps:\/\/www.radiostarsud.fr\/radio-star-vip\u00a0\u00bb][vc_empty_space][\/vc_column][\/vc_row]\n<\/section>","protected":false},"excerpt":{"rendered":"<p>[vc_row full_width=\u00a0\u00bbstretch_row_content_no_spaces\u00a0\u00bb el_class=\u00a0\u00bbdesktop_padding_extra_large\u00a0\u00bb][vc_column][vc_empty_space height=\u00a0\u00bb60px\u00a0\u00bb][vc_column_text el_class=\u00a0\u00bbtitre_trait\u00a0\u00bb] Exposer sur Viving [\/vc_column_text][vc_empty_space height=\u00a0\u00bb60px\u00a0\u00bb el_class=\u00a0\u00bbon_mobile_only\u00a0\u00bb][vc_empty_space height=\u00a0\u00bb60px\u00a0\u00bb el_class=\u00a0\u00bbon_mobile_only\u00a0\u00bb][vc_empty_space height=\u00a0\u00bb40px\u00a0\u00bb el_class=\u00a0\u00bbon_mobile_only\u00a0\u00bb][vc_column_text] Vous souhaitez rejoindre l&rsquo;aventure Viving Marseille et exposer sur le Salon ? Contactez notre \u00e9quipe d\u00e8s-maintenant ! Rendez-vous cl\u00e9 du secteur de l&rsquo;immobilier et de l&rsquo;habitat, le Salon Viving est un facilitateur de rencontres pour tous les acteurs du secteur. &hellip; <\/p>\n<p class=\"link-more\"><a href=\"https:\/\/www.viving.fr\/marseille\/devenir-exposant\/\" class=\"more-link\">Continuer la lecture<span class=\"screen-reader-text\"> de &laquo;&nbsp;Devenir Exposant&nbsp;&raquo;<\/span><\/a><\/p>\n","protected":false},"author":38,"featured_media":0,"parent":0,"menu_order":1,"comment_status":"closed","ping_status":"closed","template":"","meta":[],"yoast_head":"<!-- This site is optimized with the Yoast SEO plugin v19.13 - https:\/\/yoast.com\/wordpress\/plugins\/seo\/ -->\n<title>Viving Marseille - Exposer<\/title>\n<meta name=\"description\" content=\"Vous souhaitez rejoindre l&#039;aventure Viving Marseille et exposer sur le Salon ? Notre \u00e9quipe est \u00e0 votre disposition.\" \/>\n<meta name=\"robots\" content=\"index, follow, max-snippet:-1, max-image-preview:large, max-video-preview:-1\" \/>\n<link rel=\"canonical\" href=\"https:\/\/www.viving.fr\/marseille\/devenir-exposant\/\" \/>\n<meta property=\"og:locale\" content=\"fr_FR\" \/>\n<meta property=\"og:type\" content=\"article\" \/>\n<meta property=\"og:title\" content=\"Vous souhaitez exposer sur Viving Marseille ?\" \/>\n<meta property=\"og:description\" content=\"Le Salon de l&#039;Habitat et de l&#039;Immobilier Viving Marseille se tiendra du 10 au 12 avril 2026 au Parc Chanot.\" \/>\n<meta property=\"og:url\" content=\"https:\/\/www.viving.fr\/marseille\/devenir-exposant\/\" \/>\n<meta property=\"og:site_name\" content=\"Viving Marseille\" \/>\n<meta property=\"article:modified_time\" content=\"2026-03-30T13:47:10+00:00\" \/>\n<meta property=\"og:image\" content=\"https:\/\/www.viving.fr\/marseille\/wp-content\/uploads\/sites\/18\/2026\/01\/logo-viving.jpg\" \/>\n\t<meta property=\"og:image:width\" content=\"2048\" \/>\n\t<meta property=\"og:image:height\" content=\"2048\" \/>\n\t<meta property=\"og:image:type\" content=\"image\/jpeg\" \/>\n<meta name=\"twitter:card\" content=\"summary_large_image\" \/>\n<meta name=\"twitter:title\" content=\"Vous souhaitez exposer sur Viving Marseille ?\" \/>\n<meta name=\"twitter:description\" content=\"Le Salon de l&#039;Habitat et de l&#039;Immobilier Viving Marseille se tiendra du 10 au 12 avril 2026 au Parc Chanot.\" \/>\n<meta name=\"twitter:image\" content=\"https:\/\/www.viving.fr\/marseille\/wp-content\/uploads\/sites\/18\/2026\/01\/logo-viving.jpg\" \/>\n<meta name=\"twitter:label1\" content=\"Dur\u00e9e de lecture estim\u00e9e\" \/>\n\t<meta name=\"twitter:data1\" content=\"3 minutes\" \/>\n<script type=\"application\/ld+json\" class=\"yoast-schema-graph\">{\"@context\":\"https:\/\/schema.org\",\"@graph\":[{\"@type\":\"WebPage\",\"@id\":\"https:\/\/www.viving.fr\/marseille\/devenir-exposant\/\",\"url\":\"https:\/\/www.viving.fr\/marseille\/devenir-exposant\/\",\"name\":\"Viving Marseille - Exposer\",\"isPartOf\":{\"@id\":\"https:\/\/www.viving.fr\/marseille\/#website\"},\"datePublished\":\"2026-01-28T10:42:07+00:00\",\"dateModified\":\"2026-03-30T13:47:10+00:00\",\"description\":\"Vous souhaitez rejoindre l'aventure Viving Marseille et exposer sur le Salon ? Notre \u00e9quipe est \u00e0 votre disposition.\",\"inLanguage\":\"fr-FR\",\"potentialAction\":[{\"@type\":\"ReadAction\",\"target\":[\"https:\/\/www.viving.fr\/marseille\/devenir-exposant\/\"]}]},{\"@type\":\"WebSite\",\"@id\":\"https:\/\/www.viving.fr\/marseille\/#website\",\"url\":\"https:\/\/www.viving.fr\/marseille\/\",\"name\":\"Viving Marseille\",\"description\":\"S&#039;inspirer, Concr\u00e9tiser\",\"potentialAction\":[{\"@type\":\"SearchAction\",\"target\":{\"@type\":\"EntryPoint\",\"urlTemplate\":\"https:\/\/www.viving.fr\/marseille\/?s={search_term_string}\"},\"query-input\":\"required name=search_term_string\"}],\"inLanguage\":\"fr-FR\"}]}<\/script>\n<!-- \/ Yoast SEO plugin. -->","yoast_head_json":{"title":"Viving Marseille - Exposer","description":"Vous souhaitez rejoindre l'aventure Viving Marseille et exposer sur le Salon ? Notre \u00e9quipe est \u00e0 votre disposition.","robots":{"index":"index","follow":"follow","max-snippet":"max-snippet:-1","max-image-preview":"max-image-preview:large","max-video-preview":"max-video-preview:-1"},"canonical":"https:\/\/www.viving.fr\/marseille\/devenir-exposant\/","og_locale":"fr_FR","og_type":"article","og_title":"Vous souhaitez exposer sur Viving Marseille ?","og_description":"Le Salon de l'Habitat et de l'Immobilier Viving Marseille se tiendra du 10 au 12 avril 2026 au Parc Chanot.","og_url":"https:\/\/www.viving.fr\/marseille\/devenir-exposant\/","og_site_name":"Viving Marseille","article_modified_time":"2026-03-30T13:47:10+00:00","og_image":[{"width":2048,"height":2048,"url":"https:\/\/www.viving.fr\/marseille\/wp-content\/uploads\/sites\/18\/2026\/01\/logo-viving.jpg","type":"image\/jpeg"}],"twitter_card":"summary_large_image","twitter_title":"Vous souhaitez exposer sur Viving Marseille ?","twitter_description":"Le Salon de l'Habitat et de l'Immobilier Viving Marseille se tiendra du 10 au 12 avril 2026 au Parc Chanot.","twitter_image":"https:\/\/www.viving.fr\/marseille\/wp-content\/uploads\/sites\/18\/2026\/01\/logo-viving.jpg","twitter_misc":{"Dur\u00e9e de lecture estim\u00e9e":"3 minutes"},"schema":{"@context":"https:\/\/schema.org","@graph":[{"@type":"WebPage","@id":"https:\/\/www.viving.fr\/marseille\/devenir-exposant\/","url":"https:\/\/www.viving.fr\/marseille\/devenir-exposant\/","name":"Viving Marseille - Exposer","isPartOf":{"@id":"https:\/\/www.viving.fr\/marseille\/#website"},"datePublished":"2026-01-28T10:42:07+00:00","dateModified":"2026-03-30T13:47:10+00:00","description":"Vous souhaitez rejoindre l'aventure Viving Marseille et exposer sur le Salon ? Notre \u00e9quipe est \u00e0 votre disposition.","inLanguage":"fr-FR","potentialAction":[{"@type":"ReadAction","target":["https:\/\/www.viving.fr\/marseille\/devenir-exposant\/"]}]},{"@type":"WebSite","@id":"https:\/\/www.viving.fr\/marseille\/#website","url":"https:\/\/www.viving.fr\/marseille\/","name":"Viving Marseille","description":"S&#039;inspirer, Concr\u00e9tiser","potentialAction":[{"@type":"SearchAction","target":{"@type":"EntryPoint","urlTemplate":"https:\/\/www.viving.fr\/marseille\/?s={search_term_string}"},"query-input":"required name=search_term_string"}],"inLanguage":"fr-FR"}]}},"_links":{"self":[{"href":"https:\/\/www.viving.fr\/marseille\/wp-json\/wp\/v2\/pages\/18761"}],"collection":[{"href":"https:\/\/www.viving.fr\/marseille\/wp-json\/wp\/v2\/pages"}],"about":[{"href":"https:\/\/www.viving.fr\/marseille\/wp-json\/wp\/v2\/types\/page"}],"author":[{"embeddable":true,"href":"https:\/\/www.viving.fr\/marseille\/wp-json\/wp\/v2\/users\/38"}],"replies":[{"embeddable":true,"href":"https:\/\/www.viving.fr\/marseille\/wp-json\/wp\/v2\/comments?post=18761"}],"version-history":[{"count":69,"href":"https:\/\/www.viving.fr\/marseille\/wp-json\/wp\/v2\/pages\/18761\/revisions"}],"predecessor-version":[{"id":19302,"href":"https:\/\/www.viving.fr\/marseille\/wp-json\/wp\/v2\/pages\/18761\/revisions\/19302"}],"wp:attachment":[{"href":"https:\/\/www.viving.fr\/marseille\/wp-json\/wp\/v2\/media?parent=18761"}],"curies":[{"name":"wp","href":"https:\/\/api.w.org\/{rel}","templated":true}]}}