{"id":18933,"date":"2026-02-13T10:16:05","date_gmt":"2026-02-13T09:16:05","guid":{"rendered":"https:\/\/www.viving.fr\/marseille\/?page_id=18933"},"modified":"2026-04-09T14:40:52","modified_gmt":"2026-04-09T12:40:52","slug":"infos-pratiques","status":"publish","type":"page","link":"https:\/\/www.viving.fr\/marseille\/infos-pratiques\/","title":{"rendered":"Infos Pratiques"},"content":{"rendered":"<section class=\"wpb-content-wrapper\">[vc_row full_width=\u00a0\u00bbstretch_row_content_no_spaces\u00a0\u00bb el_class=\u00a0\u00bbdesktop_padding_extra_large\u00a0\u00bb][vc_column][vc_empty_space height=\u00a0\u00bb60px\u00a0\u00bb][vc_column_text]\n<p style=\"text-align: center\"><span style=\"font-size: 28px;color: #002350\"><br \/>\n<span style=\"font-size: 36px\"><strong>Informations pratiques<\/strong><\/span><\/span><\/p>\n<p style=\"text-align: center\"><span style=\"font-size: 24px;color: #002350\">Simplifiez votre visite en prenant connaissance des infos pratiques !<\/span><\/p>\n[\/vc_column_text][vc_empty_space height=\u00a0\u00bb60px\u00a0\u00bb][\/vc_column][\/vc_row][vc_row full_width=\u00a0\u00bbstretch_row_content_no_spaces\u00a0\u00bb el_class=\u00a0\u00bbdesktop_padding_extra_large\u00a0\u00bb][vc_column][vc_empty_space height=\u00a0\u00bb60px\u00a0\u00bb][vc_empty_space height=\u00a0\u00bb60px\u00a0\u00bb el_class=\u00a0\u00bbon_mobile_only\u00a0\u00bb][vc_column_text el_class=\u00a0\u00bbtitre_trait\u00a0\u00bb]\n<h2>Horaires<strong> Lieu &amp; dates<\/strong><\/h2>\n[\/vc_column_text][vc_empty_space height=\u00a0\u00bb60px\u00a0\u00bb][vc_column_text]\n<p style=\"text-align: center\"><span style=\"color: #001a3e\">Le Salon vous accueille au sein du<strong><span style=\"color: #f39038\"> Hall 8 du Parc Chanot<\/span><br \/>\n<\/strong>du <span style=\"color: #23b49b\"><strong>Vendredi 10 au Dimanche 12 avril 2026<\/strong><\/span><\/span><\/p>\n<p style=\"text-align: center\"><span style=\"color: #001a3e\">Vendredi :<strong>\u00a010h \u00e0 19h<\/strong>\u00a0\u2013 Samedi :<strong>\u00a010h \u00e0 19h<\/strong>\u00a0\u2013 Dimanche :<strong> 10h \u00e0 18h<\/strong><\/span><\/p>\n[\/vc_column_text][vc_empty_space height=\u00a0\u00bb60px\u00a0\u00bb][\/vc_column][\/vc_row][vc_row full_width=\u00a0\u00bbstretch_row_content_no_spaces\u00a0\u00bb el_class=\u00a0\u00bbdesktop_padding_extra_large\u00a0\u00bb][vc_column][vc_empty_space height=\u00a0\u00bb60px\u00a0\u00bb][vc_empty_space height=\u00a0\u00bb60px\u00a0\u00bb el_class=\u00a0\u00bbon_mobile_only\u00a0\u00bb][vc_column_text el_class=\u00a0\u00bbtitre_trait\u00a0\u00bb]\n<h2>Plan<strong>\u00a0de Viving<\/strong><\/h2>\n[\/vc_column_text][vc_empty_space height=\u00a0\u00bb40px\u00a0\u00bb el_class=\u00a0\u00bbon_mobile_only\u00a0\u00bb][vc_empty_space height=\u00a0\u00bb60px\u00a0\u00bb][\/vc_column][\/vc_row][vc_row][vc_column width=\u00a0\u00bb1\/2&Prime;][vc_single_image image=\u00a0\u00bb19342&Prime; img_size=\u00a0\u00bbfull\u00a0\u00bb alignment=\u00a0\u00bbcenter\u00a0\u00bb][vc_empty_space height=\u00a0\u00bb60px\u00a0\u00bb][vc_empty_space height=\u00a0\u00bb60px\u00a0\u00bb][\/vc_column][vc_column width=\u00a0\u00bb1\/2&Prime;][vc_single_image image=\u00a0\u00bb19341&Prime; img_size=\u00a0\u00bbfull\u00a0\u00bb alignment=\u00a0\u00bbcenter\u00a0\u00bb][vc_empty_space height=\u00a0\u00bb60px\u00a0\u00bb][vc_empty_space height=\u00a0\u00bb60px\u00a0\u00bb][\/vc_column][\/vc_row][vc_row full_width=\u00a0\u00bbstretch_row_content_no_spaces\u00a0\u00bb el_class=\u00a0\u00bbdesktop_padding_extra_large\u00a0\u00bb][vc_column][vc_empty_space height=\u00a0\u00bb60px\u00a0\u00bb][vc_empty_space height=\u00a0\u00bb60px\u00a0\u00bb el_class=\u00a0\u00bbon_mobile_only\u00a0\u00bb][vc_column_text el_class=\u00a0\u00bbtitre_trait\u00a0\u00bb]\n<h2>Se rendre<strong>\u00a0au Salon<\/strong><\/h2>\n[\/vc_column_text][vc_empty_space height=\u00a0\u00bb40px\u00a0\u00bb el_class=\u00a0\u00bbon_mobile_only\u00a0\u00bb][vc_empty_space height=\u00a0\u00bb60px\u00a0\u00bb][\/vc_column][\/vc_row][vc_row][vc_column width=\u00a0\u00bb1\/5&Prime;][vc_hoverbox image=\u00a0\u00bb18914&Prime; primary_title=\u00a0\u00bb\u00a0\u00bb hover_title=\u00a0\u00bb\u00a0\u00bb hover_background_color=\u00a0\u00bbcustom\u00a0\u00bb el_width=\u00a0\u00bb80&Prime; hover_custom_background=\u00a0\u00bb#002350&Prime;]\n<p style=\"text-align: center\"><span style=\"color: #ffffff\"><strong>En Tramway<\/strong><\/span><br \/>\n<span style=\"color: #ffffff\">Arr\u00eat <strong>Sainte Marguerite Dromel<\/strong>, accessible via la <strong>Ligne T3.<\/strong><\/span><\/p>\n[\/vc_hoverbox][vc_empty_space height=\u00a0\u00bb40px\u00a0\u00bb][\/vc_column][vc_column width=\u00a0\u00bb1\/5&Prime;][vc_hoverbox image=\u00a0\u00bb18916&Prime; primary_title=\u00a0\u00bb\u00a0\u00bb hover_title=\u00a0\u00bb\u00a0\u00bb hover_background_color=\u00a0\u00bbcustom\u00a0\u00bb el_width=\u00a0\u00bb80&Prime; hover_custom_background=\u00a0\u00bb#002350&Prime;]\n<p style=\"text-align: center\"><span style=\"color: #ffffff\"><strong>En voiture<br \/>\n<\/strong>Liaison directe des autoroutes<strong> Littoral A55 et Est A50<\/strong> par le <strong>Tunnel Prado Car\u00e9nage<\/strong> et le<strong> Tunnel Prado Sud<\/strong> avec un acc\u00e8s rapide devant Marseille Chanot.<\/span><\/p>\n[\/vc_hoverbox][vc_empty_space height=\u00a0\u00bb40px\u00a0\u00bb][\/vc_column][vc_column width=\u00a0\u00bb1\/5&Prime;][vc_hoverbox image=\u00a0\u00bb18912&Prime; primary_title=\u00a0\u00bb\u00a0\u00bb hover_title=\u00a0\u00bb\u00a0\u00bb hover_background_color=\u00a0\u00bbcustom\u00a0\u00bb el_width=\u00a0\u00bb80&Prime; hover_custom_background=\u00a0\u00bb#002350&Prime;]\n<p style=\"text-align: center\"><span style=\"color: #ffffff\"><strong>En Bus<br \/>\n<\/strong>Arr\u00eat Rond-Point du Prado<\/span><br \/>\n<span style=\"color: #ffffff\">Bus n\u00b0\u00a0<strong>19-21-22-23-41-44-45-72-83<\/strong><\/span><\/p>\n[\/vc_hoverbox][vc_empty_space height=\u00a0\u00bb40px\u00a0\u00bb][\/vc_column][vc_column width=\u00a0\u00bb1\/5&Prime;][vc_hoverbox image=\u00a0\u00bb18913&Prime; primary_title=\u00a0\u00bb\u00a0\u00bb hover_title=\u00a0\u00bb\u00a0\u00bb hover_background_color=\u00a0\u00bbcustom\u00a0\u00bb el_width=\u00a0\u00bb80&Prime; hover_custom_background=\u00a0\u00bb#002350&Prime;]\n<p style=\"text-align: center\"><span style=\"color: #ffffff\"><strong>En M\u00e9tro<\/strong><\/span><br \/>\n<strong><span style=\"color: #ffffff\">Arr\u00eat Rond-Point du Prado<\/span><\/strong><br \/>\n<span style=\"color: #ffffff\"><strong>Ligne 2\u00a0<\/strong> direction Sainte Marguerite Dromel <\/span><br \/>\n<span style=\"color: #ffffff\"><strong>Ligne 1\u00a0<\/strong> direction La Fourrag\u00e8re\u00a0, changement \u00e0 Castellane puis <strong>ligne 2<\/strong> direction Sainte Marguerite Dromel<\/span><\/p>\n[\/vc_hoverbox][vc_empty_space height=\u00a0\u00bb40px\u00a0\u00bb][\/vc_column][vc_column width=\u00a0\u00bb1\/5&Prime;][vc_hoverbox image=\u00a0\u00bb18915&Prime; primary_title=\u00a0\u00bb\u00a0\u00bb hover_title=\u00a0\u00bb\u00a0\u00bb hover_background_color=\u00a0\u00bbcustom\u00a0\u00bb el_width=\u00a0\u00bb80&Prime; hover_custom_background=\u00a0\u00bb#002350&Prime;]\n<p style=\"text-align: center\"><span style=\"color: #ffffff\"><strong>En V\u00e9lo<\/strong><\/span><\/p>\n<p style=\"text-align: center\"><span style=\"font-size: 14px;color: #ffffff\">V\u00e9los \u00e9lectriques en libre-service <em>Le V\u00e9lo,<\/em>\u00a0accessibles \u00e0 la station Prado-Michelet, situ\u00e9e en face de l\u2019entr\u00e9e principale du parc.<\/span><\/p>\n[\/vc_hoverbox][vc_empty_space height=\u00a0\u00bb40px\u00a0\u00bb][\/vc_column][\/vc_row][vc_row full_width=\u00a0\u00bbstretch_row_content_no_spaces\u00a0\u00bb el_class=\u00a0\u00bbdesktop_padding_extra_large\u00a0\u00bb][vc_column][vc_empty_space height=\u00a0\u00bb60px\u00a0\u00bb][vc_empty_space height=\u00a0\u00bb60px\u00a0\u00bb][vc_empty_space height=\u00a0\u00bb60px\u00a0\u00bb el_class=\u00a0\u00bbon_mobile_only\u00a0\u00bb][vc_column_text el_class=\u00a0\u00bbtitre_trait\u00a0\u00bb]\n<h2>Infos et services <strong>sur place<\/strong><\/h2>\n[\/vc_column_text][vc_empty_space height=\u00a0\u00bb40px\u00a0\u00bb el_class=\u00a0\u00bbon_mobile_only\u00a0\u00bb][vc_empty_space height=\u00a0\u00bb60px\u00a0\u00bb][\/vc_column][\/vc_row][vc_row][vc_column width=\u00a0\u00bb1\/4&Prime;][vc_empty_space height=\u00a0\u00bb40px\u00a0\u00bb][\/vc_column][vc_column width=\u00a0\u00bb1\/4&Prime;][vc_hoverbox image=\u00a0\u00bb19358&Prime; primary_title=\u00a0\u00bb\u00a0\u00bb hover_title=\u00a0\u00bb\u00a0\u00bb hover_background_color=\u00a0\u00bbcustom\u00a0\u00bb el_width=\u00a0\u00bb60&Prime; hover_custom_background=\u00a0\u00bb#f6a041&Prime;]<span style=\"color: #ffffff;font-size: 20px\"><strong>Espace restauration <\/strong>sur place<\/span>[\/vc_hoverbox][vc_empty_space height=\u00a0\u00bb40px\u00a0\u00bb][\/vc_column][vc_column width=\u00a0\u00bb1\/4&Prime;][vc_hoverbox image=\u00a0\u00bb19359&Prime; primary_title=\u00a0\u00bb\u00a0\u00bb hover_title=\u00a0\u00bb\u00a0\u00bb hover_background_color=\u00a0\u00bbcustom\u00a0\u00bb el_width=\u00a0\u00bb60&Prime; hover_custom_background=\u00a0\u00bb#f6a041&Prime;]<span style=\"color: #ffffff;font-size: 20px\"><b>Petits chiens <\/b>tenus en laisse autoris\u00e9s<\/span>[\/vc_hoverbox][vc_empty_space height=\u00a0\u00bb40px\u00a0\u00bb][\/vc_column][vc_column width=\u00a0\u00bb1\/4&Prime;][vc_empty_space height=\u00a0\u00bb40px\u00a0\u00bb][\/vc_column][\/vc_row][vc_row][vc_column][vc_empty_space height=\u00a0\u00bb40px\u00a0\u00bb][vc_empty_space height=\u00a0\u00bb40px\u00a0\u00bb][vc_single_image image=\u00a0\u00bb19263&Prime; img_size=\u00a0\u00bbfull\u00a0\u00bb alignment=\u00a0\u00bbcenter\u00a0\u00bb onclick=\u00a0\u00bbcustom_link\u00a0\u00bb link=\u00a0\u00bbhttps:\/\/www.meretdemeures.com\/fr\/\u00a0\u00bb][vc_empty_space height=\u00a0\u00bb40px\u00a0\u00bb][vc_empty_space height=\u00a0\u00bb40px\u00a0\u00bb][\/vc_column][\/vc_row]\n<\/section>","protected":false},"excerpt":{"rendered":"<p>[vc_row full_width=\u00a0\u00bbstretch_row_content_no_spaces\u00a0\u00bb el_class=\u00a0\u00bbdesktop_padding_extra_large\u00a0\u00bb][vc_column][vc_empty_space height=\u00a0\u00bb60px\u00a0\u00bb][vc_column_text] Informations pratiques Simplifiez votre visite en prenant connaissance des infos pratiques ! [\/vc_column_text][vc_empty_space height=\u00a0\u00bb60px\u00a0\u00bb][\/vc_column][\/vc_row][vc_row full_width=\u00a0\u00bbstretch_row_content_no_spaces\u00a0\u00bb el_class=\u00a0\u00bbdesktop_padding_extra_large\u00a0\u00bb][vc_column][vc_empty_space height=\u00a0\u00bb60px\u00a0\u00bb][vc_empty_space height=\u00a0\u00bb60px\u00a0\u00bb el_class=\u00a0\u00bbon_mobile_only\u00a0\u00bb][vc_column_text el_class=\u00a0\u00bbtitre_trait\u00a0\u00bb] Horaires Lieu &amp; dates [\/vc_column_text][vc_empty_space height=\u00a0\u00bb60px\u00a0\u00bb][vc_column_text] Le Salon vous accueille au sein du Hall 8 du Parc Chanot du Vendredi 10 au Dimanche 12 avril 2026 Vendredi :\u00a010h \u00e0 19h\u00a0\u2013 Samedi &hellip; <\/p>\n<p class=\"link-more\"><a href=\"https:\/\/www.viving.fr\/marseille\/infos-pratiques\/\" class=\"more-link\">Continuer la lecture<span class=\"screen-reader-text\"> de &laquo;&nbsp;Infos Pratiques&nbsp;&raquo;<\/span><\/a><\/p>\n","protected":false},"author":38,"featured_media":0,"parent":0,"menu_order":1,"comment_status":"closed","ping_status":"closed","template":"","meta":[],"yoast_head":"<!-- This site is optimized with the Yoast SEO plugin v19.13 - https:\/\/yoast.com\/wordpress\/plugins\/seo\/ -->\n<title>Viving Marseille - Infos Pratiques<\/title>\n<meta name=\"description\" content=\"Horaires, dates, lieu et services, retrouvez toutes les informations pratiques pour assurer le bon d\u00e9roul\u00e9 de votre visite .\" \/>\n<meta name=\"robots\" content=\"index, follow, max-snippet:-1, max-image-preview:large, max-video-preview:-1\" \/>\n<link rel=\"canonical\" href=\"https:\/\/www.viving.fr\/marseille\/infos-pratiques\/\" \/>\n<meta property=\"og:locale\" content=\"fr_FR\" \/>\n<meta property=\"og:type\" content=\"article\" \/>\n<meta property=\"og:title\" content=\"Vous souhaitez exposer sur Viving Marseille ?\" \/>\n<meta property=\"og:description\" content=\"Le Salon de l&#039;Habitat et de l&#039;Immobilier Viving Marseille se tiendra du 10 au 12 avril 2026 au Parc Chanot.\" \/>\n<meta property=\"og:url\" content=\"https:\/\/www.viving.fr\/marseille\/infos-pratiques\/\" \/>\n<meta property=\"og:site_name\" content=\"Viving Marseille\" \/>\n<meta property=\"article:modified_time\" content=\"2026-04-09T12:40:52+00:00\" \/>\n<meta property=\"og:image\" content=\"https:\/\/www.viving.fr\/marseille\/wp-content\/uploads\/sites\/18\/2026\/01\/logo-viving.jpg\" \/>\n\t<meta property=\"og:image:width\" content=\"2048\" \/>\n\t<meta property=\"og:image:height\" content=\"2048\" \/>\n\t<meta property=\"og:image:type\" content=\"image\/jpeg\" \/>\n<meta name=\"twitter:card\" content=\"summary_large_image\" \/>\n<meta name=\"twitter:title\" content=\"Vous souhaitez exposer sur Viving Marseille ?\" \/>\n<meta name=\"twitter:description\" content=\"Le Salon de l&#039;Habitat et de l&#039;Immobilier Viving Marseille se tiendra du 10 au 12 avril 2026 au Parc Chanot.\" \/>\n<meta name=\"twitter:image\" content=\"https:\/\/www.viving.fr\/marseille\/wp-content\/uploads\/sites\/18\/2026\/01\/logo-viving.jpg\" \/>\n<meta name=\"twitter:label1\" content=\"Dur\u00e9e de lecture estim\u00e9e\" \/>\n\t<meta name=\"twitter:data1\" content=\"2 minutes\" \/>\n<script type=\"application\/ld+json\" class=\"yoast-schema-graph\">{\"@context\":\"https:\/\/schema.org\",\"@graph\":[{\"@type\":\"WebPage\",\"@id\":\"https:\/\/www.viving.fr\/marseille\/infos-pratiques\/\",\"url\":\"https:\/\/www.viving.fr\/marseille\/infos-pratiques\/\",\"name\":\"Viving Marseille - Infos Pratiques\",\"isPartOf\":{\"@id\":\"https:\/\/www.viving.fr\/marseille\/#website\"},\"datePublished\":\"2026-02-13T09:16:05+00:00\",\"dateModified\":\"2026-04-09T12:40:52+00:00\",\"description\":\"Horaires, dates, lieu et services, retrouvez toutes les informations pratiques pour assurer le bon d\u00e9roul\u00e9 de votre visite .\",\"inLanguage\":\"fr-FR\",\"potentialAction\":[{\"@type\":\"ReadAction\",\"target\":[\"https:\/\/www.viving.fr\/marseille\/infos-pratiques\/\"]}]},{\"@type\":\"WebSite\",\"@id\":\"https:\/\/www.viving.fr\/marseille\/#website\",\"url\":\"https:\/\/www.viving.fr\/marseille\/\",\"name\":\"Viving Marseille\",\"description\":\"S&#039;inspirer, Concr\u00e9tiser\",\"potentialAction\":[{\"@type\":\"SearchAction\",\"target\":{\"@type\":\"EntryPoint\",\"urlTemplate\":\"https:\/\/www.viving.fr\/marseille\/?s={search_term_string}\"},\"query-input\":\"required name=search_term_string\"}],\"inLanguage\":\"fr-FR\"}]}<\/script>\n<!-- \/ Yoast SEO plugin. -->","yoast_head_json":{"title":"Viving Marseille - Infos Pratiques","description":"Horaires, dates, lieu et services, retrouvez toutes les informations pratiques pour assurer le bon d\u00e9roul\u00e9 de votre visite .","robots":{"index":"index","follow":"follow","max-snippet":"max-snippet:-1","max-image-preview":"max-image-preview:large","max-video-preview":"max-video-preview:-1"},"canonical":"https:\/\/www.viving.fr\/marseille\/infos-pratiques\/","og_locale":"fr_FR","og_type":"article","og_title":"Vous souhaitez exposer sur Viving Marseille ?","og_description":"Le Salon de l'Habitat et de l'Immobilier Viving Marseille se tiendra du 10 au 12 avril 2026 au Parc Chanot.","og_url":"https:\/\/www.viving.fr\/marseille\/infos-pratiques\/","og_site_name":"Viving Marseille","article_modified_time":"2026-04-09T12:40:52+00:00","og_image":[{"width":2048,"height":2048,"url":"https:\/\/www.viving.fr\/marseille\/wp-content\/uploads\/sites\/18\/2026\/01\/logo-viving.jpg","type":"image\/jpeg"}],"twitter_card":"summary_large_image","twitter_title":"Vous souhaitez exposer sur Viving Marseille ?","twitter_description":"Le Salon de l'Habitat et de l'Immobilier Viving Marseille se tiendra du 10 au 12 avril 2026 au Parc Chanot.","twitter_image":"https:\/\/www.viving.fr\/marseille\/wp-content\/uploads\/sites\/18\/2026\/01\/logo-viving.jpg","twitter_misc":{"Dur\u00e9e de lecture estim\u00e9e":"2 minutes"},"schema":{"@context":"https:\/\/schema.org","@graph":[{"@type":"WebPage","@id":"https:\/\/www.viving.fr\/marseille\/infos-pratiques\/","url":"https:\/\/www.viving.fr\/marseille\/infos-pratiques\/","name":"Viving Marseille - Infos Pratiques","isPartOf":{"@id":"https:\/\/www.viving.fr\/marseille\/#website"},"datePublished":"2026-02-13T09:16:05+00:00","dateModified":"2026-04-09T12:40:52+00:00","description":"Horaires, dates, lieu et services, retrouvez toutes les informations pratiques pour assurer le bon d\u00e9roul\u00e9 de votre visite .","inLanguage":"fr-FR","potentialAction":[{"@type":"ReadAction","target":["https:\/\/www.viving.fr\/marseille\/infos-pratiques\/"]}]},{"@type":"WebSite","@id":"https:\/\/www.viving.fr\/marseille\/#website","url":"https:\/\/www.viving.fr\/marseille\/","name":"Viving Marseille","description":"S&#039;inspirer, Concr\u00e9tiser","potentialAction":[{"@type":"SearchAction","target":{"@type":"EntryPoint","urlTemplate":"https:\/\/www.viving.fr\/marseille\/?s={search_term_string}"},"query-input":"required name=search_term_string"}],"inLanguage":"fr-FR"}]}},"_links":{"self":[{"href":"https:\/\/www.viving.fr\/marseille\/wp-json\/wp\/v2\/pages\/18933"}],"collection":[{"href":"https:\/\/www.viving.fr\/marseille\/wp-json\/wp\/v2\/pages"}],"about":[{"href":"https:\/\/www.viving.fr\/marseille\/wp-json\/wp\/v2\/types\/page"}],"author":[{"embeddable":true,"href":"https:\/\/www.viving.fr\/marseille\/wp-json\/wp\/v2\/users\/38"}],"replies":[{"embeddable":true,"href":"https:\/\/www.viving.fr\/marseille\/wp-json\/wp\/v2\/comments?post=18933"}],"version-history":[{"count":11,"href":"https:\/\/www.viving.fr\/marseille\/wp-json\/wp\/v2\/pages\/18933\/revisions"}],"predecessor-version":[{"id":19361,"href":"https:\/\/www.viving.fr\/marseille\/wp-json\/wp\/v2\/pages\/18933\/revisions\/19361"}],"wp:attachment":[{"href":"https:\/\/www.viving.fr\/marseille\/wp-json\/wp\/v2\/media?parent=18933"}],"curies":[{"name":"wp","href":"https:\/\/api.w.org\/{rel}","templated":true}]}}